{"id":13,"date":"2018-12-07T16:05:31","date_gmt":"2018-12-07T16:05:31","guid":{"rendered":"http:\/\/gktarsulat.hu\/?page_id=13"},"modified":"2023-03-22T11:39:34","modified_gmt":"2023-03-22T10:39:34","slug":"krisztian","status":"publish","type":"page","link":"https:\/\/gktarsulat.hu\/hu\/krisztian\/","title":{"rendered":"Gergye Kriszti\u00e1n"},"content":{"rendered":"<p><div class=\"fusion-fullwidth fullwidth-box fusion-builder-row-1 nonhundred-percent-fullwidth non-hundred-percent-height-scrolling\"  style='background-color: #242424;background-position: center center;background-repeat: no-repeat;padding-top:0px;padding-right:0px;padding-bottom:0px;padding-left:0px;'><div class=\"fusion-builder-row fusion-row \"><div  class=\"fusion-layout-column fusion_builder_column fusion_builder_column_1_1 fusion-builder-column-0 fusion-one-full fusion-column-first fusion-column-last 1_1\"  style='margin-top:0px;margin-bottom:0px;'><div class=\"fusion-column-wrapper\" style=\"padding: 0px 0px 0px 0px;background-position:left top;background-repeat:no-repeat;-webkit-background-size:cover;-moz-background-size:cover;-o-background-size:cover;background-size:cover;\"   data-bg-url=\"\"><div class=\"fusion-text\"><\/div><div class=\"fusion-clearfix\"><\/div><\/div><\/div><\/div><\/div><div class=\"fusion-fullwidth fullwidth-box fusion-builder-row-2 nonhundred-percent-fullwidth non-hundred-percent-height-scrolling fusion-equal-height-columns\"  style='background-color: #242424;background-position: center top;background-repeat: no-repeat;padding-top:3%;padding-right:0px;padding-bottom:3%;padding-left:0px;'><div class=\"fusion-builder-row fusion-row \"><div  class=\"fusion-layout-column fusion_builder_column fusion_builder_column_1_6 fusion-builder-column-1 fusion-one-sixth fusion-column-first 1_6\"  style='margin-top:0px;margin-bottom:20px;width:16.66%;width:calc(16.66% - ( ( 4% + 4% ) * 0.1666 ) );margin-right: 4%;'><div class=\"fusion-column-wrapper\" style=\"padding: 0px 0px 0px 0px;background-position:left top;background-repeat:no-repeat;-webkit-background-size:cover;-moz-background-size:cover;-o-background-size:cover;background-size:cover;\"   data-bg-url=\"\"><div class=\"fusion-clearfix\"><\/div><\/div><\/div><div  data-animationType=fadeInLeft data-animationDuration=0.5 data-animationOffset=100% class=\"fusion-layout-column fusion_builder_column fusion_builder_column_2_3 fusion-builder-column-2 fusion-two-third fusion-animated 2_3\"  style='margin-top:0px;margin-bottom:20px;width:66.66%;width:calc(66.66% - ( ( 4% + 4% ) * 0.6666 ) );margin-right: 4%;'><div class=\"fusion-column-wrapper\" style=\"padding: 20px 0px 0px 0px;background-position:center top;background-repeat:no-repeat;-webkit-background-size:cover;-moz-background-size:cover;-o-background-size:cover;background-size:cover;\"   data-bg-url=\"\"><div class=\"fusion-column-content-centered\"><div class=\"fusion-column-content\"><style type=\"text\/css\">@media only screen and (max-width:800px) {.fusion-title.fusion-title-1{margin-top:10px!important;margin-bottom:10px!important;}}<\/style><div class=\"fusion-title title fusion-title-1 fusion-sep-none fusion-title-center fusion-title-text fusion-title-size-three\" style=\"font-size:70px;margin-top:0px;margin-bottom:0px;\"><h3 class=\"title-heading-center\" style=\"margin:0;font-size:1em;\"><\/h3><\/div><div class=\"fusion-text\"><h2 style=\"text-align: center;\"><span style=\"font-weight: 400;\">rendez\u0151, koreogr\u00e1fus, t\u00e1ncos, performer<\/span><\/h2>\n<\/div><div class=\"fusion-text\"><p><span style=\"font-weight: 400;\">A magyar kort\u00e1rs sz\u00ednh\u00e1z \u00e9s t\u00e1ncm\u0171v\u00e9szet kiemelked\u0151 k\u00e9pvisel\u0151je. A tradicion\u00e1lis j\u00e1vai t\u00e1nc tanulm\u00e1nyoz\u00e1s\u00e1val kezdte el\u0151ad\u00f3m\u0171v\u00e9szeti tev\u00e9kenys\u00e9g\u00e9t. Egy \u00e9vet (1998) t\u00f6lt\u00f6tt J\u00e1v\u00e1n, ahol Darmasisswa-\u00f6szt\u00f6nd\u00edjask\u00e9nt \u0151si indon\u00e9z t\u00e1ncm\u0171v\u00e9szetet tanult. A hagyom\u00e1nyt a modern formanyelvvel \u00f6tv\u00f6zve hozta l\u00e9tre saj\u00e1tos t\u00e1nc- \u00e9s mozg\u00e1snyelv\u00e9t. 2001 \u00f3ta jelent\u0151s szerepl\u0151je a magyar kort\u00e1rs t\u00e1nc\u00e9letnek, \u00e9s saj\u00e1t f\u00fcggetlen t\u00e1rsulat\u00e1nak \u2013 Gergye Kriszti\u00e1n T\u00e1rsulata \u2013 m\u0171v\u00e9szeti vezet\u0151je. M\u0171v\u00e9szi k\u00eds\u00e9rletei sor\u00e1n jutott el a t\u00e1nc, a sz\u00edn\u00e9szet \u00e9s a k\u00e9pz\u0151m\u0171v\u00e9szet hat\u00e1rter\u00fcleteire, amit j\u00f3l fejez ki t\u00e1rsulata mott\u00f3ja is: \u201eT\u00f6bb, mint t\u00e1nc\u201d. \u00a0T\u00e1ncos-koreogr\u00e1fusk\u00e9nt \u00e9s sz\u00edn\u00e9sz-rendez\u0151k\u00e9nt is mindig a legtiszt\u00e1bb \u00e9s legegy\u00e9rtelm\u0171bb megfogalmaz\u00e1si m\u00f3dokat kutatja alkot\u00e1saiban. Rendez\u0151k\u00e9nt \u00e9s el\u0151ad\u00f3k\u00e9nt is sz\u00e1mos d\u00edjat nyert.<\/span><span style=\"font-weight: 400;\"><br \/>\n<\/span><span style=\"font-weight: 400;\">A GK T\u00e1rsulattal m\u00e1r 23 \u00e9ve projektt\u00e1rsulati keretekben a m\u0171v\u00e9szeti m\u0171fajok k\u00f6z\u00f6tti p\u00e1rbesz\u00e9d lehet\u0151s\u00e9geit kutatva hozza l\u00e9tre m\u0171faj-f\u00fcggetlen, de a kort\u00e1rs t\u00e1ncm\u0171v\u00e9szetet mindig kiemelt poz\u00edci\u00f3ban kezel\u0151 interdiszciplin\u00e1ris el\u0151ad\u00e1sait. Olyan \u00e1lland\u00f3 \u00e9s megh\u00edvott m\u0171v\u00e9szekkel dolgozik, akik jelent\u0151s szakmai m\u00falttal rendelkez\u0151 szem\u00e9lyis\u00e9gek, \u00e9s nyitottak a m\u0171fajok k\u00f6z\u00f6tti \u00e1tj\u00e1r\u00e1sok lehet\u0151s\u00e9geire. Rendszeresen szerepel k\u00fclf\u00f6ldi fesztiv\u00e1lokon Eur\u00f3p\u00e1ban \u00e9s a tengerent\u00falon is.<\/span><\/p>\n<\/div><div class=\"fusion-sep-clear\"><\/div><div class=\"fusion-separator fusion-full-width-sep sep-none\" style=\"margin-left: auto;margin-right: auto;margin-top:;margin-bottom:30px;\"><\/div><div class=\"fusion-button-wrapper fusion-aligncenter\"><style type=\"text\/css\">.fusion-button.button-1 {border-radius:2px;}<\/style><a class=\"fusion-button button-flat button-xlarge button-default button-1 fusion-button-default-span fusion-button-default-type\" target=\"_self\" href=\"http:\/\/gktarsulat.hu\/contact-us\/\"><span class=\"fusion-button-text\">L\u00c9PJ VEL\u00dcNK KAPCSOLATBA<\/span><\/a><\/div><\/div><\/div><div class=\"fusion-clearfix\"><\/div><\/div><\/div><div  class=\"fusion-layout-column fusion_builder_column fusion_builder_column_1_6 fusion-builder-column-3 fusion-one-sixth fusion-column-last 1_6\"  style='margin-top:0px;margin-bottom:20px;width:16.66%;width:calc(16.66% - ( ( 4% + 4% ) * 0.1666 ) );'><div class=\"fusion-column-wrapper\" style=\"padding: 0px 0px 0px 0px;background-position:left top;background-repeat:no-repeat;-webkit-background-size:cover;-moz-background-size:cover;-o-background-size:cover;background-size:cover;\"   data-bg-url=\"\"><div class=\"fusion-clearfix\"><\/div><\/div><\/div><\/div><\/div><div class=\"fusion-fullwidth fullwidth-box fusion-builder-row-3 nonhundred-percent-fullwidth non-hundred-percent-height-scrolling fusion-no-small-visibility fusion-no-medium-visibility\"  style='background-color: #171717;background-position: center center;background-repeat: no-repeat;padding-top:0px;padding-right:0px;padding-bottom:0px;padding-left:0px;'><div class=\"fusion-builder-row fusion-row \"><div  class=\"fusion-layout-column fusion_builder_column fusion_builder_column_1_1 fusion-builder-column-4 fusion-one-full fusion-column-first fusion-column-last 1_1\"  style='margin-top:0px;margin-bottom:0px;'><div class=\"fusion-column-wrapper\" style=\"padding: 0px 0px 0px 0px;background-position:left top;background-blend-mode: overlay;background-repeat:no-repeat;-webkit-background-size:cover;-moz-background-size:cover;-o-background-size:cover;background-size:cover;\"   data-bg-url=\"\"><div class=\"fusion-section-separator section-separator slant\" style=\"padding:0;margin-left:-0px;margin-right:-0px;\"><svg class=\"fusion-slant-candy\" xmlns=\"http:\/\/www.w3.org\/2000\/svg\" version=\"1.1\" width=\"100%\" height=\"100\" viewBox=\"0 0 100 102\" preserveAspectRatio=\"none\" style=\"fill:#ffffff;padding:0;margin-bottom:-3px;display:block\"><path d=\"M100 0 L-2 100 L101 100 Z\"><\/path><\/svg><\/div><div class=\"fusion-clearfix\"><\/div><\/div><\/div><\/div><\/div><div class=\"fusion-fullwidth fullwidth-box fusion-builder-row-4 nonhundred-percent-fullwidth non-hundred-percent-height-scrolling fusion-equal-height-columns\"  style='background-color: #242424;background-position: center center;background-repeat: no-repeat;padding-top:3%;padding-right:0px;padding-bottom:6%;padding-left:0px;'><div class=\"fusion-builder-row fusion-row \"><div  class=\"fusion-layout-column fusion_builder_column fusion_builder_column_1_1 fusion-builder-column-5 fusion-one-full fusion-column-first fusion-column-last fusion-column-no-min-height 1_1\"  style='margin-top:0px;margin-bottom:20px;'><div class=\"fusion-column-wrapper\" style=\"padding: 30px 0px 0px 0px;background-position:left top;background-repeat:no-repeat;-webkit-background-size:cover;-moz-background-size:cover;-o-background-size:cover;background-size:cover;\"   data-bg-url=\"\"><style type=\"text\/css\">@media only screen and (max-width:800px) {.fusion-title.fusion-title-2{margin-top:10px!important;margin-bottom:10px!important;}}<\/style><div class=\"fusion-title title fusion-title-2 fusion-sep-none fusion-title-text fusion-title-size-two\" style=\"margin-top:0px;margin-bottom:0px;\"><h2 class=\"title-heading-right\" style=\"margin:0;\"><h3 style=\"text-align: center;\">Sz\u00e1mos fesztiv\u00e1l d\u00edjai \u00e9s k\u00fcl\u00f6nd\u00edjai mellett<\/h3><\/h2><\/div><style type=\"text\/css\">@media only screen and (max-width:800px) {.fusion-title.fusion-title-3{margin-top:10px!important;margin-bottom:10px!important;}}<\/style><div class=\"fusion-title title fusion-title-3 fusion-sep-none fusion-title-text fusion-title-size-three\" style=\"font-size:70px;margin-top:0px;margin-bottom:31px;\"><h3 class=\"title-heading-right\" style=\"margin:0;font-size:1em;\"><h2 style=\"text-align: center;\">Gergye Kriszti\u00e1n t\u00e1ncosk\u00e9nt megkapta a h\u00e1rom legjelent\u0151sebb szakmai d\u00edjat<\/h2><\/h3><\/div><div class=\"fusion-clearfix\"><\/div><\/div><\/div><div  data-animationType=fadeInUp data-animationDuration=0.3 data-animationOffset=100% class=\"fusion-layout-column fusion_builder_column fusion_builder_column_1_3 fusion-builder-column-6 fusion-one-third fusion-column-first fusion-animated 1_3\"  style='margin-top:0px;margin-bottom:20px;width:33.33%;width:calc(33.33% - ( ( 4% + 4% ) * 0.3333 ) );margin-right: 4%;'><div class=\"fusion-column-wrapper\" style=\"border:1px solid #e1e1e1;padding: 60px 40px 40px 40px;background-position:left top;background-repeat:no-repeat;-webkit-background-size:cover;-moz-background-size:cover;-o-background-size:cover;background-size:cover;\"   data-bg-url=\"\"><div class=\"imageframe-align-center\"><span style=\"width:100%;max-width:149px;\" class=\"fusion-imageframe imageframe-none imageframe-1 hover-type-none\"><img loading=\"lazy\" src=\"https:\/\/gktarsulat.hu\/wp-content\/uploads\/2019\/03\/iconfinder_ribbon-assure-prize-award-medal_3209454-300x300.png\" width=\"300\" height=\"300\" alt=\"\" title=\"iconfinder_ribbon-assure-prize-award-medal_3209454\" class=\"img-responsive wp-image-1291\" srcset=\"https:\/\/gktarsulat.hu\/wp-content\/uploads\/2019\/03\/iconfinder_ribbon-assure-prize-award-medal_3209454-200x200.png 200w, https:\/\/gktarsulat.hu\/wp-content\/uploads\/2019\/03\/iconfinder_ribbon-assure-prize-award-medal_3209454-400x400.png 400w, https:\/\/gktarsulat.hu\/wp-content\/uploads\/2019\/03\/iconfinder_ribbon-assure-prize-award-medal_3209454.png 512w\" sizes=\"(max-width: 800px) 100vw, 400px\" \/><\/span><\/div><div class=\"fusion-sep-clear\"><\/div><div class=\"fusion-separator fusion-full-width-sep sep-none\" style=\"margin-left: auto;margin-right: auto;margin-top:45px;\"><\/div><div class=\"fusion-text\"><p style=\"text-align: center;\">Imre Zolt\u00e1n-d\u00edj<br \/>\n<em>2010.<\/em><\/p>\n<\/div><div class=\"fusion-clearfix\"><\/div><\/div><\/div><div  data-animationType=fadeInUp data-animationDuration=0.6 data-animationOffset=100% class=\"fusion-layout-column fusion_builder_column fusion_builder_column_1_3 fusion-builder-column-7 fusion-one-third fusion-animated 1_3\"  style='margin-top:0px;margin-bottom:20px;width:33.33%;width:calc(33.33% - ( ( 4% + 4% ) * 0.3333 ) );margin-right: 4%;'><div class=\"fusion-column-wrapper\" style=\"border:1px solid #e1e1e1;padding: 60px 40px 40px 40px;background-position:left top;background-repeat:no-repeat;-webkit-background-size:cover;-moz-background-size:cover;-o-background-size:cover;background-size:cover;\"   data-bg-url=\"\"><div class=\"imageframe-align-center\"><span style=\"width:100%;max-width:165px;\" class=\"fusion-imageframe imageframe-none imageframe-2 hover-type-none\"><img loading=\"lazy\" src=\"https:\/\/gktarsulat.hu\/wp-content\/uploads\/2019\/03\/iconfinder_18_2739103-300x300.png\" width=\"300\" height=\"300\" alt=\"\" title=\"iconfinder_18_2739103\" class=\"img-responsive wp-image-1292\" srcset=\"https:\/\/gktarsulat.hu\/wp-content\/uploads\/2019\/03\/iconfinder_18_2739103-200x200.png 200w, https:\/\/gktarsulat.hu\/wp-content\/uploads\/2019\/03\/iconfinder_18_2739103-400x400.png 400w, https:\/\/gktarsulat.hu\/wp-content\/uploads\/2019\/03\/iconfinder_18_2739103.png 512w\" sizes=\"(max-width: 800px) 100vw, 400px\" \/><\/span><\/div><div class=\"fusion-sep-clear\"><\/div><div class=\"fusion-separator fusion-full-width-sep sep-none\" style=\"margin-left: auto;margin-right: auto;margin-top:45px;\"><\/div><div class=\"fusion-text\"><p style=\"text-align: center;\">Harangoz\u00f3-d\u00edj<br \/>\n<em>2009.<\/em><\/p>\n<\/div><div class=\"fusion-clearfix\"><\/div><\/div><\/div><div  data-animationType=fadeInUp data-animationDuration=0.9 data-animationOffset=100% class=\"fusion-layout-column fusion_builder_column fusion_builder_column_1_3 fusion-builder-column-8 fusion-one-third fusion-column-last fusion-animated 1_3\"  style='margin-top:0px;margin-bottom:20px;width:33.33%;width:calc(33.33% - ( ( 4% + 4% ) * 0.3333 ) );'><div class=\"fusion-column-wrapper\" style=\"border:1px solid #e1e1e1;padding: 60px 40px 40px 40px;background-position:left top;background-repeat:no-repeat;-webkit-background-size:cover;-moz-background-size:cover;-o-background-size:cover;background-size:cover;\"   data-bg-url=\"\"><div class=\"imageframe-align-center\"><span style=\"width:100%;max-width:165px;\" class=\"fusion-imageframe imageframe-none imageframe-3 hover-type-none\"><img loading=\"lazy\" src=\"https:\/\/gktarsulat.hu\/wp-content\/uploads\/2019\/03\/iconfinder_ribbon-prize-award-medal-certify_3209453-300x300.png\" width=\"300\" height=\"300\" alt=\"\" title=\"iconfinder_ribbon-prize-award-medal-certify_3209453\" class=\"img-responsive wp-image-1293\" srcset=\"https:\/\/gktarsulat.hu\/wp-content\/uploads\/2019\/03\/iconfinder_ribbon-prize-award-medal-certify_3209453-200x200.png 200w, https:\/\/gktarsulat.hu\/wp-content\/uploads\/2019\/03\/iconfinder_ribbon-prize-award-medal-certify_3209453-400x400.png 400w, https:\/\/gktarsulat.hu\/wp-content\/uploads\/2019\/03\/iconfinder_ribbon-prize-award-medal-certify_3209453.png 512w\" sizes=\"(max-width: 800px) 100vw, 400px\" \/><\/span><\/div><div class=\"fusion-sep-clear\"><\/div><div class=\"fusion-separator fusion-full-width-sep sep-none\" style=\"margin-left: auto;margin-right: auto;margin-top:45px;\"><\/div><div class=\"fusion-text\"><p style=\"text-align: center;\">Az \u00c9vad Legjobb Alkot\u00f3ja<br \/>\n<em>Magyar T\u00e1ncm\u0171v\u00e9szek Sz\u00f6vets\u00e9ge<\/em><br \/>\n<em>2008.<\/em><\/p>\n<\/div><div class=\"fusion-clearfix\"><\/div><\/div><\/div><\/div><\/div><div class=\"fusion-fullwidth fullwidth-box fusion-builder-row-5 nonhundred-percent-fullwidth non-hundred-percent-height-scrolling\"  style='background-color: #242424;background-position: center center;background-repeat: no-repeat;padding-top:0px;padding-right:0px;padding-bottom:0px;padding-left:0px;'><div class=\"fusion-builder-row fusion-row \"><div  class=\"fusion-layout-column fusion_builder_column fusion_builder_column_1_1 fusion-builder-column-9 fusion-one-full fusion-column-first fusion-column-last 1_1\"  style='margin-top:0px;margin-bottom:0px;'><div class=\"fusion-column-wrapper\" style=\"padding: 0px 0px 0px 0px;background-position:left top;background-repeat:no-repeat;-webkit-background-size:cover;-moz-background-size:cover;-o-background-size:cover;background-size:cover;\"   data-bg-url=\"\"><div class=\"fusion-text\"><\/div><div class=\"fusion-clearfix\"><\/div><\/div><\/div><\/div><\/div><\/p>","protected":false},"excerpt":{"rendered":"","protected":false},"author":2,"featured_media":1171,"parent":0,"menu_order":0,"comment_status":"closed","ping_status":"closed","template":"100-width.php","meta":[],"yoast_head":"<!-- This site is optimized with the Yoast SEO plugin v18.4.1 - https:\/\/yoast.com\/wordpress\/plugins\/seo\/ -->\n<title>Gergye Kriszti\u00e1n - Gergye Kriszti\u00e1n T\u00e1rsulata<\/title>\n<meta name=\"robots\" content=\"index, follow, max-snippet:-1, max-image-preview:large, max-video-preview:-1\" \/>\n<link rel=\"canonical\" href=\"https:\/\/gktarsulat.hu\/krisztian\/\" \/>\n<meta property=\"og:locale\" content=\"hu_HU\" \/>\n<meta property=\"og:type\" content=\"article\" \/>\n<meta property=\"og:title\" content=\"Gergye Kriszti\u00e1n - Gergye Kriszti\u00e1n T\u00e1rsulata\" \/>\n<meta property=\"og:url\" content=\"https:\/\/gktarsulat.hu\/krisztian\/\" \/>\n<meta property=\"og:site_name\" content=\"Gergye Kriszti\u00e1n T\u00e1rsulata\" \/>\n<meta property=\"article:modified_time\" content=\"2023-03-22T10:39:34+00:00\" \/>\n<meta property=\"og:image\" content=\"https:\/\/gktarsulat.hu\/wp-content\/uploads\/2019\/03\/EDV_9641-1024x586.jpg\" \/>\n\t<meta property=\"og:image:width\" content=\"1024\" \/>\n\t<meta property=\"og:image:height\" content=\"586\" \/>\n\t<meta property=\"og:image:type\" content=\"image\/jpeg\" \/>\n<meta name=\"twitter:card\" content=\"summary_large_image\" \/>\n<meta name=\"twitter:label1\" content=\"Becs\u00fclt olvas\u00e1si id\u0151\" \/>\n\t<meta name=\"twitter:data1\" content=\"17 perc\" \/>\n<script type=\"application\/ld+json\" class=\"yoast-schema-graph\">{\"@context\":\"https:\/\/schema.org\",\"@graph\":[{\"@type\":\"WebSite\",\"@id\":\"https:\/\/gktarsulat.hu\/hu\/#website\",\"url\":\"https:\/\/gktarsulat.hu\/hu\/\",\"name\":\"Gergye Kriszti\u00e1n T\u00e1rsulata\",\"description\":\"\",\"potentialAction\":[{\"@type\":\"SearchAction\",\"target\":{\"@type\":\"EntryPoint\",\"urlTemplate\":\"https:\/\/gktarsulat.hu\/hu\/?s={search_term_string}\"},\"query-input\":\"required name=search_term_string\"}],\"inLanguage\":\"hu\"},{\"@type\":\"ImageObject\",\"@id\":\"https:\/\/gktarsulat.hu\/krisztian\/#primaryimage\",\"inLanguage\":\"hu\",\"url\":\"https:\/\/gktarsulat.hu\/wp-content\/uploads\/2019\/03\/EDV_9641.jpg\",\"contentUrl\":\"https:\/\/gktarsulat.hu\/wp-content\/uploads\/2019\/03\/EDV_9641.jpg\",\"width\":4724,\"height\":2702},{\"@type\":\"WebPage\",\"@id\":\"https:\/\/gktarsulat.hu\/krisztian\/#webpage\",\"url\":\"https:\/\/gktarsulat.hu\/krisztian\/\",\"name\":\"Gergye Kriszti\u00e1n - Gergye Kriszti\u00e1n T\u00e1rsulata\",\"isPartOf\":{\"@id\":\"https:\/\/gktarsulat.hu\/hu\/#website\"},\"primaryImageOfPage\":{\"@id\":\"https:\/\/gktarsulat.hu\/krisztian\/#primaryimage\"},\"datePublished\":\"2018-12-07T16:05:31+00:00\",\"dateModified\":\"2023-03-22T10:39:34+00:00\",\"breadcrumb\":{\"@id\":\"https:\/\/gktarsulat.hu\/krisztian\/#breadcrumb\"},\"inLanguage\":\"hu\",\"potentialAction\":[{\"@type\":\"ReadAction\",\"target\":[\"https:\/\/gktarsulat.hu\/krisztian\/\"]}]},{\"@type\":\"BreadcrumbList\",\"@id\":\"https:\/\/gktarsulat.hu\/krisztian\/#breadcrumb\",\"itemListElement\":[{\"@type\":\"ListItem\",\"position\":1,\"name\":\"Home\",\"item\":\"https:\/\/gktarsulat.hu\/\"},{\"@type\":\"ListItem\",\"position\":2,\"name\":\"Gergye Kriszti\u00e1n\"}]}]}<\/script>\n<!-- \/ Yoast SEO plugin. -->","yoast_head_json":{"title":"Gergye Kriszti\u00e1n - Gergye Kriszti\u00e1n T\u00e1rsulata","robots":{"index":"index","follow":"follow","max-snippet":"max-snippet:-1","max-image-preview":"max-image-preview:large","max-video-preview":"max-video-preview:-1"},"canonical":"https:\/\/gktarsulat.hu\/krisztian\/","og_locale":"hu_HU","og_type":"article","og_title":"Gergye Kriszti\u00e1n - Gergye Kriszti\u00e1n T\u00e1rsulata","og_url":"https:\/\/gktarsulat.hu\/krisztian\/","og_site_name":"Gergye Kriszti\u00e1n T\u00e1rsulata","article_modified_time":"2023-03-22T10:39:34+00:00","og_image":[{"width":1024,"height":586,"url":"https:\/\/gktarsulat.hu\/wp-content\/uploads\/2019\/03\/EDV_9641-1024x586.jpg","type":"image\/jpeg"}],"twitter_card":"summary_large_image","twitter_misc":{"Becs\u00fclt olvas\u00e1si id\u0151":"17 perc"},"schema":{"@context":"https:\/\/schema.org","@graph":[{"@type":"WebSite","@id":"https:\/\/gktarsulat.hu\/hu\/#website","url":"https:\/\/gktarsulat.hu\/hu\/","name":"Gergye Kriszti\u00e1n T\u00e1rsulata","description":"","potentialAction":[{"@type":"SearchAction","target":{"@type":"EntryPoint","urlTemplate":"https:\/\/gktarsulat.hu\/hu\/?s={search_term_string}"},"query-input":"required name=search_term_string"}],"inLanguage":"hu"},{"@type":"ImageObject","@id":"https:\/\/gktarsulat.hu\/krisztian\/#primaryimage","inLanguage":"hu","url":"https:\/\/gktarsulat.hu\/wp-content\/uploads\/2019\/03\/EDV_9641.jpg","contentUrl":"https:\/\/gktarsulat.hu\/wp-content\/uploads\/2019\/03\/EDV_9641.jpg","width":4724,"height":2702},{"@type":"WebPage","@id":"https:\/\/gktarsulat.hu\/krisztian\/#webpage","url":"https:\/\/gktarsulat.hu\/krisztian\/","name":"Gergye Kriszti\u00e1n - Gergye Kriszti\u00e1n T\u00e1rsulata","isPartOf":{"@id":"https:\/\/gktarsulat.hu\/hu\/#website"},"primaryImageOfPage":{"@id":"https:\/\/gktarsulat.hu\/krisztian\/#primaryimage"},"datePublished":"2018-12-07T16:05:31+00:00","dateModified":"2023-03-22T10:39:34+00:00","breadcrumb":{"@id":"https:\/\/gktarsulat.hu\/krisztian\/#breadcrumb"},"inLanguage":"hu","potentialAction":[{"@type":"ReadAction","target":["https:\/\/gktarsulat.hu\/krisztian\/"]}]},{"@type":"BreadcrumbList","@id":"https:\/\/gktarsulat.hu\/krisztian\/#breadcrumb","itemListElement":[{"@type":"ListItem","position":1,"name":"Home","item":"https:\/\/gktarsulat.hu\/"},{"@type":"ListItem","position":2,"name":"Gergye Kriszti\u00e1n"}]}]}},"_links":{"self":[{"href":"https:\/\/gktarsulat.hu\/hu\/wp-json\/wp\/v2\/pages\/13"}],"collection":[{"href":"https:\/\/gktarsulat.hu\/hu\/wp-json\/wp\/v2\/pages"}],"about":[{"href":"https:\/\/gktarsulat.hu\/hu\/wp-json\/wp\/v2\/types\/page"}],"author":[{"embeddable":true,"href":"https:\/\/gktarsulat.hu\/hu\/wp-json\/wp\/v2\/users\/2"}],"replies":[{"embeddable":true,"href":"https:\/\/gktarsulat.hu\/hu\/wp-json\/wp\/v2\/comments?post=13"}],"version-history":[{"count":22,"href":"https:\/\/gktarsulat.hu\/hu\/wp-json\/wp\/v2\/pages\/13\/revisions"}],"predecessor-version":[{"id":1912,"href":"https:\/\/gktarsulat.hu\/hu\/wp-json\/wp\/v2\/pages\/13\/revisions\/1912"}],"wp:featuredmedia":[{"embeddable":true,"href":"https:\/\/gktarsulat.hu\/hu\/wp-json\/wp\/v2\/media\/1171"}],"wp:attachment":[{"href":"https:\/\/gktarsulat.hu\/hu\/wp-json\/wp\/v2\/media?parent=13"}],"curies":[{"name":"wp","href":"https:\/\/api.w.org\/{rel}","templated":true}]}}