{"id":1307,"date":"2019-03-18T09:58:44","date_gmt":"2019-03-18T08:58:44","guid":{"rendered":"https:\/\/gktarsulat.hu\/?page_id=1307"},"modified":"2019-03-20T10:17:21","modified_gmt":"2019-03-20T09:17:21","slug":"tanceloadasok-2","status":"publish","type":"page","link":"https:\/\/gktarsulat.hu\/hu\/tevekenysegeink\/tanceloadasok-2\/","title":{"rendered":"T\u00e1ncel\u0151ad\u00e1sok"},"content":{"rendered":"<p><div class=\"fusion-fullwidth fullwidth-box fusion-builder-row-1 nonhundred-percent-fullwidth non-hundred-percent-height-scrolling\"  style='background-color: #be9359;background-position: center center;background-repeat: no-repeat;padding-top:3px;padding-right:0px;padding-bottom:3px;padding-left:0px;'><div class=\"fusion-builder-row fusion-row \"><div  class=\"fusion-layout-column fusion_builder_column fusion_builder_column_1_1 fusion-builder-column-0 fusion-one-full fusion-column-first fusion-column-last 1_1\"  style='margin-top:0px;margin-bottom:0px;'><div class=\"fusion-column-wrapper\" style=\"padding: 0px 0px 0px 0px;background-position:left top;background-repeat:no-repeat;-webkit-background-size:cover;-moz-background-size:cover;-o-background-size:cover;background-size:cover;\"   data-bg-url=\"\"><div class=\"fusion-clearfix\"><\/div><\/div><\/div><\/div><\/div><div class=\"fusion-fullwidth fullwidth-box fusion-builder-row-2 hundred-percent-fullwidth non-hundred-percent-height-scrolling fusion-equal-height-columns\"  style='background-color: #242424;background-position: center center;background-repeat: no-repeat;padding-top:0px;padding-bottom:0px;'><div class=\"fusion-builder-row fusion-row \"><div  class=\"fusion-layout-column fusion_builder_column fusion_builder_column_1_2 fusion-builder-column-1 fusion-one-half fusion-column-first fusion-no-small-visibility fusion-column-inner-bg-wrapper 1_2\"  style='margin-top:0px;margin-bottom:0px;width:50%;width:calc(50% - ( ( 0 ) * 0.5 ) );margin-right: 0px;'><div class=\"fusion-column-wrapper\" style=\"padding: 0px 0px 0px 0px;\"  data-bg-url=\"https:\/\/gktarsulat.hu\/wp-content\/uploads\/2019\/03\/GTK_kokoschka_PR_daniel_domolky_PRINT_005-791x1024.jpg\"><div class=\"fusion-column-content-centered\"><div class=\"fusion-column-content\"><div class=\"fusion-sep-clear\"><\/div><div class=\"fusion-separator fusion-full-width-sep sep-none\" style=\"margin-left: auto;margin-right: auto;margin-top:5px;\"><\/div><\/div><\/div><div class=\"fusion-clearfix\"><\/div><\/div><span class=\"fusion-column-inner-bg hover-type-zoomin\" ><a  aria-label=\"GTK_kokoschka_PR_daniel_domolky_PRINT_005\"><span class=\"fusion-column-inner-bg-image\"  style=\"background-image: url('https:\/\/gktarsulat.hu\/wp-content\/uploads\/2019\/03\/GTK_kokoschka_PR_daniel_domolky_PRINT_005-791x1024.jpg');background-position:left top;background-repeat:no-repeat;-webkit-background-size:cover;-moz-background-size:cover;-o-background-size:cover;background-size:cover;\"><\/span><\/a><\/span><\/div><div  class=\"fusion-layout-column fusion_builder_column fusion_builder_column_1_2 fusion-builder-column-2 fusion-one-half fusion-column-last 1_2\"  style='margin-top:0px;margin-bottom:0px;width:50%;width:calc(50% - ( ( 0 ) * 0.5 ) );'><div class=\"fusion-column-wrapper\" style=\"padding: 140px 70px 140px 70px;background-image: url('http:\/\/gktarsulat.hu\/wp-content\/uploads\/2018\/12\/avadabarbers-trimcut-topright.jpg');background-position:left bottom;background-repeat:no-repeat;-webkit-background-size:cover;-moz-background-size:cover;-o-background-size:cover;background-size:cover;\"   data-bg-url=\"http:\/\/gktarsulat.hu\/wp-content\/uploads\/2018\/12\/avadabarbers-trimcut-topright.jpg\"><div class=\"imageframe-align-center\"><span style=\"width:100%;max-width:65px;\" class=\"fusion-imageframe imageframe-none imageframe-1 hover-type-none\"><img loading=\"lazy\" src=\"https:\/\/gktarsulat.hu\/wp-content\/uploads\/2019\/03\/Tanceloadasok-300x300.png\" width=\"300\" height=\"300\" alt=\"\" title=\"Tanceloadasok\" class=\"img-responsive wp-image-1276\" srcset=\"https:\/\/gktarsulat.hu\/wp-content\/uploads\/2019\/03\/Tanceloadasok-200x200.png 200w, https:\/\/gktarsulat.hu\/wp-content\/uploads\/2019\/03\/Tanceloadasok-400x400.png 400w, https:\/\/gktarsulat.hu\/wp-content\/uploads\/2019\/03\/Tanceloadasok.png 512w\" sizes=\"(max-width: 800px) 100vw, 300px\" \/><\/span><\/div><style type=\"text\/css\">@media only screen and (max-width:800px) {.fusion-title.fusion-title-1{margin-top:10px!important;margin-bottom:10px!important;}}<\/style><div class=\"fusion-title title fusion-title-1 fusion-sep-none fusion-title-center fusion-title-text fusion-title-size-four\" style=\"margin-top:40px;margin-bottom:20px;\"><h4 class=\"title-heading-center\" style=\"margin:0;\"><h5>T\u00e1nc-<br \/>\nel\u0151ad\u00e1sok<\/h5><\/h4><\/div><style type=\"text\/css\">@media only screen and (max-width:800px) {.fusion-title.fusion-title-2{margin-top:10px!important;margin-bottom:10px!important;}}<\/style><div class=\"fusion-title title fusion-title-2 fusion-sep-none fusion-title-center fusion-title-text fusion-title-size-two\" style=\"margin-top:0px;margin-bottom:31px;\"><h2 class=\"title-heading-center\" style=\"margin:0;\"><h4>1998 \u00f3ta<\/h4><\/h2><\/div><div class=\"fusion-text\"><h4>1998 &#8211; 2001. J\u00e1vai t\u00e1nc<br \/>\n2001. E.SCH EROTO (Traf\u00f3 KMH. Inspir\u00e1ci\u00f3 Est.)<br \/>\n2002. Hal\u00e1l \u00e9s a L\u00e1nyka<br \/>\n2003. Barbara L. \u2013 A Budapesti \u0150szi Fesztiv\u00e1l keret\u00e9ben (Th\u00e1lia sz\u00ednh\u00e1z \u00daj St\u00fadi\u00f3)<br \/>\n2003. Tenebrae<br \/>\n2004. Bosch sz\u00f3l\u00f3k<br \/>\n2004. K\u00cdNOS \u2013 A Budapesti \u0150szi Fesztiv\u00e1l keret\u00e9ben (MU Sz\u00ednh\u00e1z)<br \/>\n2004. Pucell Pyknolepsy<br \/>\n2006. egonegonegon<br \/>\n2006. mindenhol j\u00f3, de legjobb a paradicsomban (Th\u00e1lia Sz\u00ednh\u00e1z, ATP Projekt)<br \/>\n2006. Pre akci\u00f3<br \/>\n2006. Zyklon-b MU Termin\u00e1l-produkci\u00f3 (MU Sz\u00ednh\u00e1z) 2007. K\u00f6z\u00e9p-Eur\u00f3pa T\u00e1ncsz\u00ednh\u00e1z (Bethlen Kort\u00e1rs T\u00e1ncm\u0171hely)<br \/>\n2007. kilencvenkilencperc (Nemzeti T\u00e1ncsz\u00ednh\u00e1z)<br \/>\n2007. T.E.S.T. (csak sz\u00f3l\u00f3k h\u00e9t n\u0151i testre) \u2013(MU Sz\u00ednh\u00e1z)<br \/>\n2008. MELANK\u00d3LIA (Traf\u00f3 KMH)<br \/>\n2008. Satyr (MU Sz\u00ednh\u00e1z)<br \/>\n2008. T.E.S.T. II. (csak sz\u00f3l\u00f3k h\u00e9t f\u00e9rfi testre) (Bethlen Kort\u00e1rs T\u00e1ncm\u0171hely)<br \/>\n2009. Danse Macabre \u2013 MU Termin\u00e1l-produkci\u00f3 (MU Sz\u00ednh\u00e1z)<br \/>\n2009. V\u00e9r-reflex<br \/>\n2010. Adapt\u00e1ci\u00f3 Trikolor (MU Sz\u00ednh\u00e1z)<br \/>\n2010. QUARTET \u2013 ko-incidens n\u00e9gy t\u00e1ncosra (Traf\u00f3 KMH)<br \/>\n2011. Tril\u00f3gia Maraton I. Passio reversible &#8211; victim &#8211; meztelen portr\u00e9<br \/>\n2012. felt\u00e9pett m\u00falt<br \/>\n2012. Honv\u00e1gy (Theater Brett, B\u00e9cs \/ \u00c1trium Film-Sz\u00ednh\u00e1z)<br \/>\n2012. Leni Riefenstahl \u2013 MU Termin\u00e1l-produkci\u00f3 (MU Sz\u00ednh\u00e1z)<br \/>\n2012. TRIL\u00d3GIA MARATON II: Bacon &#8211; Freud &#8211; Lynch<br \/>\n2013. Raped Europeans (K\u0151szegi V\u00e1rsz\u00ednh\u00e1z \/ MU Sz\u00ednh\u00e1z)<br \/>\n2014-2015. Z\u00f6ld Asztal project (Mu Sz\u00ednh\u00e1z)<br \/>\n2014. Aukci\u00f3 (Bethlen t\u00e9ri Sz\u00ednh\u00e1z)<br \/>\n2015. Kokoschka bab\u00e1ja<br \/>\n2016. Hatty\u00fa<br \/>\n2016. Lautrec t\u00e1ncolni fog<br \/>\n2017. Bart\u00f3k B\u00e9la: A csod\u00e1latos mandarin, A F\u00e1b\u00f3l faragott kir\u00e1lyfi<br \/>\n2017. Harlequinade &#8211; Miskolc Balett<br \/>\n2018. Ha mi \u00e1rnyak<\/h4>\n<\/div><div class=\"fusion-clearfix\"><\/div><\/div><\/div><\/div><\/div><\/p>","protected":false},"excerpt":{"rendered":"","protected":false},"author":2,"featured_media":0,"parent":17,"menu_order":0,"comment_status":"closed","ping_status":"closed","template":"100-width.php","meta":[],"yoast_head":"<!-- This site is optimized with the Yoast SEO plugin v18.4.1 - https:\/\/yoast.com\/wordpress\/plugins\/seo\/ -->\n<title>T\u00e1ncel\u0151ad\u00e1sok - Gergye Kriszti\u00e1n T\u00e1rsulata<\/title>\n<meta name=\"robots\" content=\"index, follow, max-snippet:-1, max-image-preview:large, max-video-preview:-1\" \/>\n<link rel=\"canonical\" href=\"https:\/\/gktarsulat.hu\/tevekenysegeink\/tanceloadasok-2\/\" \/>\n<meta property=\"og:locale\" content=\"hu_HU\" \/>\n<meta property=\"og:type\" content=\"article\" \/>\n<meta property=\"og:title\" content=\"[:hu]T\u00e1ncel\u0151ad\u00e1sok[:en]Dance[:] - Gergye Kriszti\u00e1n T\u00e1rsulata\" \/>\n<meta property=\"og:url\" content=\"https:\/\/gktarsulat.hu\/tevekenysegeink\/tanceloadasok-2\/\" \/>\n<meta property=\"og:site_name\" content=\"Gergye Kriszti\u00e1n T\u00e1rsulata\" \/>\n<meta property=\"article:modified_time\" content=\"2019-03-20T09:17:21+00:00\" \/>\n<meta name=\"twitter:card\" content=\"summary_large_image\" \/>\n<meta name=\"twitter:label1\" content=\"Becs\u00fclt olvas\u00e1si id\u0151\" \/>\n\t<meta name=\"twitter:data1\" content=\"25 perc\" \/>\n<script type=\"application\/ld+json\" class=\"yoast-schema-graph\">{\"@context\":\"https:\/\/schema.org\",\"@graph\":[{\"@type\":\"WebSite\",\"@id\":\"https:\/\/gktarsulat.hu\/hu\/#website\",\"url\":\"https:\/\/gktarsulat.hu\/hu\/\",\"name\":\"Gergye Kriszti\u00e1n T\u00e1rsulata\",\"description\":\"\",\"potentialAction\":[{\"@type\":\"SearchAction\",\"target\":{\"@type\":\"EntryPoint\",\"urlTemplate\":\"https:\/\/gktarsulat.hu\/hu\/?s={search_term_string}\"},\"query-input\":\"required name=search_term_string\"}],\"inLanguage\":\"hu\"},{\"@type\":\"WebPage\",\"@id\":\"https:\/\/gktarsulat.hu\/tevekenysegeink\/tanceloadasok-2\/#webpage\",\"url\":\"https:\/\/gktarsulat.hu\/tevekenysegeink\/tanceloadasok-2\/\",\"name\":\"[:hu]T\u00e1ncel\u0151ad\u00e1sok[:en]Dance[:] - Gergye Kriszti\u00e1n T\u00e1rsulata\",\"isPartOf\":{\"@id\":\"https:\/\/gktarsulat.hu\/hu\/#website\"},\"datePublished\":\"2019-03-18T08:58:44+00:00\",\"dateModified\":\"2019-03-20T09:17:21+00:00\",\"breadcrumb\":{\"@id\":\"https:\/\/gktarsulat.hu\/tevekenysegeink\/tanceloadasok-2\/#breadcrumb\"},\"inLanguage\":\"hu\",\"potentialAction\":[{\"@type\":\"ReadAction\",\"target\":[\"https:\/\/gktarsulat.hu\/tevekenysegeink\/tanceloadasok-2\/\"]}]},{\"@type\":\"BreadcrumbList\",\"@id\":\"https:\/\/gktarsulat.hu\/tevekenysegeink\/tanceloadasok-2\/#breadcrumb\",\"itemListElement\":[{\"@type\":\"ListItem\",\"position\":1,\"name\":\"Home\",\"item\":\"https:\/\/gktarsulat.hu\/\"},{\"@type\":\"ListItem\",\"position\":2,\"name\":\"Tev\u00e9kenys\u00e9geink\",\"item\":\"https:\/\/gktarsulat.hu\/tevekenysegeink\/\"},{\"@type\":\"ListItem\",\"position\":3,\"name\":\"T\u00e1ncel\u0151ad\u00e1sok\"}]}]}<\/script>\n<!-- \/ Yoast SEO plugin. -->","yoast_head_json":{"title":"[:hu]T\u00e1ncel\u0151ad\u00e1sok[:en]Dance[:] - Gergye Kriszti\u00e1n T\u00e1rsulata","robots":{"index":"index","follow":"follow","max-snippet":"max-snippet:-1","max-image-preview":"max-image-preview:large","max-video-preview":"max-video-preview:-1"},"canonical":"https:\/\/gktarsulat.hu\/tevekenysegeink\/tanceloadasok-2\/","og_locale":"hu_HU","og_type":"article","og_title":"[:hu]T\u00e1ncel\u0151ad\u00e1sok[:en]Dance[:] - Gergye Kriszti\u00e1n T\u00e1rsulata","og_url":"https:\/\/gktarsulat.hu\/tevekenysegeink\/tanceloadasok-2\/","og_site_name":"Gergye Kriszti\u00e1n T\u00e1rsulata","article_modified_time":"2019-03-20T09:17:21+00:00","twitter_card":"summary_large_image","twitter_misc":{"Becs\u00fclt olvas\u00e1si id\u0151":"25 perc"},"schema":{"@context":"https:\/\/schema.org","@graph":[{"@type":"WebSite","@id":"https:\/\/gktarsulat.hu\/hu\/#website","url":"https:\/\/gktarsulat.hu\/hu\/","name":"Gergye Kriszti\u00e1n T\u00e1rsulata","description":"","potentialAction":[{"@type":"SearchAction","target":{"@type":"EntryPoint","urlTemplate":"https:\/\/gktarsulat.hu\/hu\/?s={search_term_string}"},"query-input":"required name=search_term_string"}],"inLanguage":"hu"},{"@type":"WebPage","@id":"https:\/\/gktarsulat.hu\/tevekenysegeink\/tanceloadasok-2\/#webpage","url":"https:\/\/gktarsulat.hu\/tevekenysegeink\/tanceloadasok-2\/","name":"[:hu]T\u00e1ncel\u0151ad\u00e1sok[:en]Dance[:] - Gergye Kriszti\u00e1n T\u00e1rsulata","isPartOf":{"@id":"https:\/\/gktarsulat.hu\/hu\/#website"},"datePublished":"2019-03-18T08:58:44+00:00","dateModified":"2019-03-20T09:17:21+00:00","breadcrumb":{"@id":"https:\/\/gktarsulat.hu\/tevekenysegeink\/tanceloadasok-2\/#breadcrumb"},"inLanguage":"hu","potentialAction":[{"@type":"ReadAction","target":["https:\/\/gktarsulat.hu\/tevekenysegeink\/tanceloadasok-2\/"]}]},{"@type":"BreadcrumbList","@id":"https:\/\/gktarsulat.hu\/tevekenysegeink\/tanceloadasok-2\/#breadcrumb","itemListElement":[{"@type":"ListItem","position":1,"name":"Home","item":"https:\/\/gktarsulat.hu\/"},{"@type":"ListItem","position":2,"name":"Tev\u00e9kenys\u00e9geink","item":"https:\/\/gktarsulat.hu\/tevekenysegeink\/"},{"@type":"ListItem","position":3,"name":"T\u00e1ncel\u0151ad\u00e1sok"}]}]}},"_links":{"self":[{"href":"https:\/\/gktarsulat.hu\/hu\/wp-json\/wp\/v2\/pages\/1307"}],"collection":[{"href":"https:\/\/gktarsulat.hu\/hu\/wp-json\/wp\/v2\/pages"}],"about":[{"href":"https:\/\/gktarsulat.hu\/hu\/wp-json\/wp\/v2\/types\/page"}],"author":[{"embeddable":true,"href":"https:\/\/gktarsulat.hu\/hu\/wp-json\/wp\/v2\/users\/2"}],"replies":[{"embeddable":true,"href":"https:\/\/gktarsulat.hu\/hu\/wp-json\/wp\/v2\/comments?post=1307"}],"version-history":[{"count":12,"href":"https:\/\/gktarsulat.hu\/hu\/wp-json\/wp\/v2\/pages\/1307\/revisions"}],"predecessor-version":[{"id":1654,"href":"https:\/\/gktarsulat.hu\/hu\/wp-json\/wp\/v2\/pages\/1307\/revisions\/1654"}],"up":[{"embeddable":true,"href":"https:\/\/gktarsulat.hu\/hu\/wp-json\/wp\/v2\/pages\/17"}],"wp:attachment":[{"href":"https:\/\/gktarsulat.hu\/hu\/wp-json\/wp\/v2\/media?parent=1307"}],"curies":[{"name":"wp","href":"https:\/\/api.w.org\/{rel}","templated":true}]}}