{"id":1310,"date":"2019-03-18T10:07:52","date_gmt":"2019-03-18T09:07:52","guid":{"rendered":"https:\/\/gktarsulat.hu\/?page_id=1310"},"modified":"2019-03-20T10:30:33","modified_gmt":"2019-03-20T09:30:33","slug":"alkalmazottkoreografiak","status":"publish","type":"page","link":"https:\/\/gktarsulat.hu\/hu\/tevekenysegeink\/alkalmazottkoreografiak\/","title":{"rendered":"Alkalmazott koreogr\u00e1fi\u00e1k"},"content":{"rendered":"<p><div class=\"fusion-fullwidth fullwidth-box fusion-builder-row-1 nonhundred-percent-fullwidth non-hundred-percent-height-scrolling\"  style='background-color: #be9359;background-position: center center;background-repeat: no-repeat;padding-top:3px;padding-right:0px;padding-bottom:3px;padding-left:0px;'><div class=\"fusion-builder-row fusion-row \"><div  class=\"fusion-layout-column fusion_builder_column fusion_builder_column_1_1 fusion-builder-column-0 fusion-one-full fusion-column-first fusion-column-last 1_1\"  style='margin-top:0px;margin-bottom:0px;'><div class=\"fusion-column-wrapper\" style=\"padding: 0px 0px 0px 0px;background-position:left top;background-repeat:no-repeat;-webkit-background-size:cover;-moz-background-size:cover;-o-background-size:cover;background-size:cover;\"   data-bg-url=\"\"><div class=\"fusion-clearfix\"><\/div><\/div><\/div><\/div><\/div><div class=\"fusion-fullwidth fullwidth-box fusion-builder-row-2 hundred-percent-fullwidth non-hundred-percent-height-scrolling fusion-equal-height-columns\"  style='background-color: #242424;background-position: center center;background-repeat: no-repeat;padding-top:0px;padding-bottom:0px;'><div class=\"fusion-builder-row fusion-row \"><div  class=\"fusion-layout-column fusion_builder_column fusion_builder_column_1_2 fusion-builder-column-1 fusion-one-half fusion-column-first fusion-no-small-visibility fusion-column-inner-bg-wrapper 1_2\"  style='margin-top:0px;margin-bottom:0px;width:50%;width:calc(50% - ( ( 0 ) * 0.5 ) );margin-right: 0px;'><div class=\"fusion-column-wrapper\" style=\"padding: 0px 0px 0px 0px;\"  data-bg-url=\"https:\/\/gktarsulat.hu\/wp-content\/uploads\/2019\/03\/hamiarnyak_master_domolky_daniel_PRINT_101-1024x683.jpg\"><div class=\"fusion-column-content-centered\"><div class=\"fusion-column-content\"><div class=\"fusion-sep-clear\"><\/div><div class=\"fusion-separator fusion-full-width-sep sep-none\" style=\"margin-left: auto;margin-right: auto;margin-top:5px;\"><\/div><\/div><\/div><div class=\"fusion-clearfix\"><\/div><\/div><span class=\"fusion-column-inner-bg hover-type-zoomin\" ><a  aria-label=\"hamiarnyak_master_domolky_daniel_PRINT_101\"><span class=\"fusion-column-inner-bg-image\"  style=\"background-image: url('https:\/\/gktarsulat.hu\/wp-content\/uploads\/2019\/03\/hamiarnyak_master_domolky_daniel_PRINT_101-1024x683.jpg');background-position:center top;background-repeat:no-repeat;-webkit-background-size:cover;-moz-background-size:cover;-o-background-size:cover;background-size:cover;\"><\/span><\/a><\/span><\/div><div  class=\"fusion-layout-column fusion_builder_column fusion_builder_column_1_2 fusion-builder-column-2 fusion-one-half fusion-column-last 1_2\"  style='margin-top:0px;margin-bottom:0px;width:50%;width:calc(50% - ( ( 0 ) * 0.5 ) );'><div class=\"fusion-column-wrapper\" style=\"padding: 140px 70px 140px 70px;background-image: url('http:\/\/gktarsulat.hu\/wp-content\/uploads\/2018\/12\/avadabarbers-trimcut-topright.jpg');background-position:left bottom;background-repeat:no-repeat;-webkit-background-size:cover;-moz-background-size:cover;-o-background-size:cover;background-size:cover;\"   data-bg-url=\"http:\/\/gktarsulat.hu\/wp-content\/uploads\/2018\/12\/avadabarbers-trimcut-topright.jpg\"><div class=\"imageframe-align-center\"><span style=\"width:100%;max-width:65px;\" class=\"fusion-imageframe imageframe-none imageframe-1 hover-type-none\"><img loading=\"lazy\" src=\"https:\/\/gktarsulat.hu\/wp-content\/uploads\/2019\/03\/Alkalmazott_koreok-300x300.png\" width=\"300\" height=\"300\" alt=\"\" title=\"Alkalmazott_koreok\" class=\"img-responsive wp-image-1280\" srcset=\"https:\/\/gktarsulat.hu\/wp-content\/uploads\/2019\/03\/Alkalmazott_koreok-200x200.png 200w, https:\/\/gktarsulat.hu\/wp-content\/uploads\/2019\/03\/Alkalmazott_koreok-400x400.png 400w, https:\/\/gktarsulat.hu\/wp-content\/uploads\/2019\/03\/Alkalmazott_koreok.png 512w\" sizes=\"(max-width: 800px) 100vw, 300px\" \/><\/span><\/div><style type=\"text\/css\">@media only screen and (max-width:800px) {.fusion-title.fusion-title-1{margin-top:10px!important;margin-bottom:10px!important;}}<\/style><div class=\"fusion-title title fusion-title-1 fusion-sep-none fusion-title-center fusion-title-text fusion-title-size-four\" style=\"margin-top:40px;margin-bottom:20px;\"><h4 class=\"title-heading-center\" style=\"margin:0;\"><h5>Alkalmazott koreogr\u00e1fi\u00e1k<\/h5><\/h4><\/div><style type=\"text\/css\">@media only screen and (max-width:800px) {.fusion-title.fusion-title-2{margin-top:10px!important;margin-bottom:10px!important;}}<\/style><div class=\"fusion-title title fusion-title-2 fusion-sep-none fusion-title-center fusion-title-text fusion-title-size-two\" style=\"margin-top:0px;margin-bottom:31px;\"><h2 class=\"title-heading-center\" style=\"margin:0;\"><h4><em>&#8211; 2005 \u00f3ta &#8211;<\/em><\/h4><\/h2><\/div><div class=\"fusion-text\"><h4>2005. Turandot, \u00daj Sz\u00ednh\u00e1z \/ rendez\u0151: Forg\u00e1cs P\u00e9ter<br \/>\n2006. Az ifj\u00fas\u00e1g \u00e9des madara, Budapesti Kamarasz\u00ednh\u00e1z \/ rendez\u0151: L\u00e9ner Andr\u00e1s<br \/>\n2006. Csongor \u00e9s T\u00fcnde, Nemzeti Sz\u00ednh\u00e1z: \/ rendez\u0151: Vall\u00f3 P\u00e9ter<br \/>\n2006. Szentiv\u00e1n\u00e9ji \u00e1lom, B\u00e1rka Sz\u00ednh\u00e1z \/ rendez\u0151: Alf\u00f6ldi R\u00f3bert<br \/>\n2007. Ahogy tessz\u00fck 2007, B\u00e1rka Sz\u00ednh\u00e1z \/ rendez\u0151: Alf\u00f6ldi R\u00f3bert<br \/>\n2008. Oreszt\u00e9sz, Nemzeti Sz\u00ednh\u00e1z \/ rendez\u0151: Alf\u00f6ldi R\u00f3bert<br \/>\n2009. J\u00e1nos Vit\u00e9z, Nemzeti Sz\u00ednh\u00e1z \/ rendez\u0151: Alf\u00f6ldi R\u00f3bert<br \/>\n2009. Orfeusz al\u00e1sz\u00e1ll, Nemzeti Sz\u00ednh\u00e1z \/ rendez\u0151: Sopsits \u00c1rp\u00e1d<br \/>\n2010. H\u00e1rom n\u0151v\u00e9r, Nemzeti Sz\u00ednh\u00e1z \/ rendez\u0151: Andrei Serban<br \/>\n2010. Mein Kampf, Nemzeti Sz\u00ednh\u00e1z \/ rendez\u0151: R\u00e1ba Roland<br \/>\n2011. Az ember trag\u00e9di\u00e1ja, Nemzeti Sz\u00ednh\u00e1z \/ rendez\u0151: Alf\u00f6ldi R\u00f3bert<br \/>\n2011. Bernard Shaw: Szent Johanna, Nemzeti Sz\u00ednh\u00e1z \/ rendez\u0151: Alf\u00f6ldi R\u00f3bert<br \/>\n2011. Garaczi L\u00e1szl\u00f3: A tizedik g\u00e9n , KOMA B\u00e1zis \/ rendez\u0151: Kesz\u00e9g L\u00e1szl\u00f3<br \/>\n2011. Ny\u00e1ron, este f\u00e9l tizenegykor, Traf\u00f3 KMH \/ rendez\u0151: V\u00f6r\u00f6s R\u00f3bert<br \/>\n2012. B\u00e9keffy, Szenes, F\u00e9nyes: Szerencs\u00e9s fl\u00f3t\u00e1s \/ rendez\u0151: Vajdai Vilmos<br \/>\n2012. John Osborne: Hazafit nek\u00fcnk , Nemzeti Sz\u00ednh\u00e1z \/ rendez\u0151: Alf\u00f6ldi R\u00f3bert<br \/>\n2013. Klaus Mann: Mephisto, Nemzeti Sz\u00ednh\u00e1z \/ rendez\u0151: Alf\u00f6ldi R\u00f3bert<br \/>\n2013. Presznyakov Brothers: Eur\u00f3pa-\u00c1zsia \/ rendez\u0151k: Presznyakov Brothers &#8211; B\u00e1rka Sz\u00ednh\u00e1z<br \/>\n2014. Jean Poiret-Harvey Fierstein: Az \u0151r\u00fclt n\u0151k ketrece \/ rendez\u0151: Alf\u00f6ldi R\u00f3bert<br \/>\n2014. Max Frisch: Biedermann \u00e9s a gy\u00fajtogat\u00f3k \/ rendez\u0151: Kesz\u00e9g L\u00e1szl\u00f3<br \/>\n2014. Vinnai Andr\u00e1s: Furniture \/ Rendez\u0151: Vajdai Vilmos<br \/>\n2014. We\u00f6res S\u00e1ndor: Holdb\u00e9li cs\u00f3nakos, Miskolc \/ rendez\u0151: Kesz\u00e9g L\u00e1szl\u00f3<br \/>\n2015. Joe Masteroff-Fred Ebb: Kabar\u00e9, Budapest B\u00e1bsz\u00ednh\u00e1z \/ rendez\u0151: Alf\u00f6ldi R\u00f3bert<br \/>\n2015. Tasn\u00e1di Istv\u00e1n: K\u00f6zellens\u00e9g, Zalaegerszeg \/ rendez\u0151: Sztarenki P\u00e1l<br \/>\n2017. La mancha Lovagja Miskolci Nemzeti Sz\u00ednh\u00e1z \/ rendez\u0151: Kesz\u00e9g L\u00e1szl\u00f3<br \/>\n2017. P\u00e1l utcai fi\u00fak V\u00f6r\u00f6smarty Sz\u00ednh\u00e1z \/ rendez\u0151: Kesz\u00e9g L\u00e1szl\u00f3<br \/>\n2017. PASSIO XXI. Budapest Sportar\u00e9na \/ rendez\u0151: Alf\u00f6ldi R\u00f3bert<br \/>\n2018. Cig\u00e1ny magyar Jur\u00e1nyi H\u00e1z \/ rendez\u0151: Cs\u00e1szi \u00c1d\u00e1m<\/h4>\n<\/div><div class=\"fusion-clearfix\"><\/div><\/div><\/div><\/div><\/div><\/p>","protected":false},"excerpt":{"rendered":"","protected":false},"author":2,"featured_media":0,"parent":17,"menu_order":0,"comment_status":"closed","ping_status":"closed","template":"100-width.php","meta":[],"yoast_head":"<!-- This site is optimized with the Yoast SEO plugin v18.4.1 - https:\/\/yoast.com\/wordpress\/plugins\/seo\/ -->\n<title>Alkalmazott koreogr\u00e1fi\u00e1k - Gergye Kriszti\u00e1n T\u00e1rsulata<\/title>\n<meta name=\"robots\" content=\"index, follow, max-snippet:-1, max-image-preview:large, max-video-preview:-1\" \/>\n<link rel=\"canonical\" href=\"https:\/\/gktarsulat.hu\/tevekenysegeink\/alkalmazottkoreografiak\/\" \/>\n<meta property=\"og:locale\" content=\"hu_HU\" \/>\n<meta property=\"og:type\" content=\"article\" \/>\n<meta property=\"og:title\" content=\"[:hu]Alkalmazott koreogr\u00e1fi\u00e1k[:en]Applied choreographies[:] - Gergye Kriszti\u00e1n T\u00e1rsulata\" \/>\n<meta property=\"og:url\" content=\"https:\/\/gktarsulat.hu\/tevekenysegeink\/alkalmazottkoreografiak\/\" \/>\n<meta property=\"og:site_name\" content=\"Gergye Kriszti\u00e1n T\u00e1rsulata\" \/>\n<meta property=\"article:modified_time\" content=\"2019-03-20T09:30:33+00:00\" \/>\n<meta name=\"twitter:card\" content=\"summary_large_image\" \/>\n<meta name=\"twitter:label1\" content=\"Becs\u00fclt olvas\u00e1si id\u0151\" \/>\n\t<meta name=\"twitter:data1\" content=\"24 perc\" \/>\n<script type=\"application\/ld+json\" class=\"yoast-schema-graph\">{\"@context\":\"https:\/\/schema.org\",\"@graph\":[{\"@type\":\"WebSite\",\"@id\":\"https:\/\/gktarsulat.hu\/hu\/#website\",\"url\":\"https:\/\/gktarsulat.hu\/hu\/\",\"name\":\"Gergye Kriszti\u00e1n T\u00e1rsulata\",\"description\":\"\",\"potentialAction\":[{\"@type\":\"SearchAction\",\"target\":{\"@type\":\"EntryPoint\",\"urlTemplate\":\"https:\/\/gktarsulat.hu\/hu\/?s={search_term_string}\"},\"query-input\":\"required name=search_term_string\"}],\"inLanguage\":\"hu\"},{\"@type\":\"WebPage\",\"@id\":\"https:\/\/gktarsulat.hu\/tevekenysegeink\/alkalmazottkoreografiak\/#webpage\",\"url\":\"https:\/\/gktarsulat.hu\/tevekenysegeink\/alkalmazottkoreografiak\/\",\"name\":\"[:hu]Alkalmazott koreogr\u00e1fi\u00e1k[:en]Applied choreographies[:] - Gergye Kriszti\u00e1n T\u00e1rsulata\",\"isPartOf\":{\"@id\":\"https:\/\/gktarsulat.hu\/hu\/#website\"},\"datePublished\":\"2019-03-18T09:07:52+00:00\",\"dateModified\":\"2019-03-20T09:30:33+00:00\",\"breadcrumb\":{\"@id\":\"https:\/\/gktarsulat.hu\/tevekenysegeink\/alkalmazottkoreografiak\/#breadcrumb\"},\"inLanguage\":\"hu\",\"potentialAction\":[{\"@type\":\"ReadAction\",\"target\":[\"https:\/\/gktarsulat.hu\/tevekenysegeink\/alkalmazottkoreografiak\/\"]}]},{\"@type\":\"BreadcrumbList\",\"@id\":\"https:\/\/gktarsulat.hu\/tevekenysegeink\/alkalmazottkoreografiak\/#breadcrumb\",\"itemListElement\":[{\"@type\":\"ListItem\",\"position\":1,\"name\":\"Home\",\"item\":\"https:\/\/gktarsulat.hu\/\"},{\"@type\":\"ListItem\",\"position\":2,\"name\":\"Tev\u00e9kenys\u00e9geink\",\"item\":\"https:\/\/gktarsulat.hu\/tevekenysegeink\/\"},{\"@type\":\"ListItem\",\"position\":3,\"name\":\"Alkalmazott koreogr\u00e1fi\u00e1k\"}]}]}<\/script>\n<!-- \/ Yoast SEO plugin. -->","yoast_head_json":{"title":"[:hu]Alkalmazott koreogr\u00e1fi\u00e1k[:en]Applied choreographies[:] - Gergye Kriszti\u00e1n T\u00e1rsulata","robots":{"index":"index","follow":"follow","max-snippet":"max-snippet:-1","max-image-preview":"max-image-preview:large","max-video-preview":"max-video-preview:-1"},"canonical":"https:\/\/gktarsulat.hu\/tevekenysegeink\/alkalmazottkoreografiak\/","og_locale":"hu_HU","og_type":"article","og_title":"[:hu]Alkalmazott koreogr\u00e1fi\u00e1k[:en]Applied choreographies[:] - Gergye Kriszti\u00e1n T\u00e1rsulata","og_url":"https:\/\/gktarsulat.hu\/tevekenysegeink\/alkalmazottkoreografiak\/","og_site_name":"Gergye Kriszti\u00e1n T\u00e1rsulata","article_modified_time":"2019-03-20T09:30:33+00:00","twitter_card":"summary_large_image","twitter_misc":{"Becs\u00fclt olvas\u00e1si id\u0151":"24 perc"},"schema":{"@context":"https:\/\/schema.org","@graph":[{"@type":"WebSite","@id":"https:\/\/gktarsulat.hu\/hu\/#website","url":"https:\/\/gktarsulat.hu\/hu\/","name":"Gergye Kriszti\u00e1n T\u00e1rsulata","description":"","potentialAction":[{"@type":"SearchAction","target":{"@type":"EntryPoint","urlTemplate":"https:\/\/gktarsulat.hu\/hu\/?s={search_term_string}"},"query-input":"required name=search_term_string"}],"inLanguage":"hu"},{"@type":"WebPage","@id":"https:\/\/gktarsulat.hu\/tevekenysegeink\/alkalmazottkoreografiak\/#webpage","url":"https:\/\/gktarsulat.hu\/tevekenysegeink\/alkalmazottkoreografiak\/","name":"[:hu]Alkalmazott koreogr\u00e1fi\u00e1k[:en]Applied choreographies[:] - Gergye Kriszti\u00e1n T\u00e1rsulata","isPartOf":{"@id":"https:\/\/gktarsulat.hu\/hu\/#website"},"datePublished":"2019-03-18T09:07:52+00:00","dateModified":"2019-03-20T09:30:33+00:00","breadcrumb":{"@id":"https:\/\/gktarsulat.hu\/tevekenysegeink\/alkalmazottkoreografiak\/#breadcrumb"},"inLanguage":"hu","potentialAction":[{"@type":"ReadAction","target":["https:\/\/gktarsulat.hu\/tevekenysegeink\/alkalmazottkoreografiak\/"]}]},{"@type":"BreadcrumbList","@id":"https:\/\/gktarsulat.hu\/tevekenysegeink\/alkalmazottkoreografiak\/#breadcrumb","itemListElement":[{"@type":"ListItem","position":1,"name":"Home","item":"https:\/\/gktarsulat.hu\/"},{"@type":"ListItem","position":2,"name":"Tev\u00e9kenys\u00e9geink","item":"https:\/\/gktarsulat.hu\/tevekenysegeink\/"},{"@type":"ListItem","position":3,"name":"Alkalmazott koreogr\u00e1fi\u00e1k"}]}]}},"_links":{"self":[{"href":"https:\/\/gktarsulat.hu\/hu\/wp-json\/wp\/v2\/pages\/1310"}],"collection":[{"href":"https:\/\/gktarsulat.hu\/hu\/wp-json\/wp\/v2\/pages"}],"about":[{"href":"https:\/\/gktarsulat.hu\/hu\/wp-json\/wp\/v2\/types\/page"}],"author":[{"embeddable":true,"href":"https:\/\/gktarsulat.hu\/hu\/wp-json\/wp\/v2\/users\/2"}],"replies":[{"embeddable":true,"href":"https:\/\/gktarsulat.hu\/hu\/wp-json\/wp\/v2\/comments?post=1310"}],"version-history":[{"count":9,"href":"https:\/\/gktarsulat.hu\/hu\/wp-json\/wp\/v2\/pages\/1310\/revisions"}],"predecessor-version":[{"id":1666,"href":"https:\/\/gktarsulat.hu\/hu\/wp-json\/wp\/v2\/pages\/1310\/revisions\/1666"}],"up":[{"embeddable":true,"href":"https:\/\/gktarsulat.hu\/hu\/wp-json\/wp\/v2\/pages\/17"}],"wp:attachment":[{"href":"https:\/\/gktarsulat.hu\/hu\/wp-json\/wp\/v2\/media?parent=1310"}],"curies":[{"name":"wp","href":"https:\/\/api.w.org\/{rel}","templated":true}]}}