{"id":1313,"date":"2019-03-18T10:10:13","date_gmt":"2019-03-18T09:10:13","guid":{"rendered":"https:\/\/gktarsulat.hu\/?page_id=1313"},"modified":"2019-03-20T10:26:33","modified_gmt":"2019-03-20T09:26:33","slug":"szinhazirendezesek","status":"publish","type":"page","link":"https:\/\/gktarsulat.hu\/hu\/tevekenysegeink\/szinhazirendezesek\/","title":{"rendered":"Sz\u00ednh\u00e1zi rendez\u00e9sek"},"content":{"rendered":"<p><div class=\"fusion-fullwidth fullwidth-box fusion-builder-row-1 nonhundred-percent-fullwidth non-hundred-percent-height-scrolling\"  style='background-color: #be9359;background-position: center center;background-repeat: no-repeat;padding-top:3px;padding-right:0px;padding-bottom:3px;padding-left:0px;'><div class=\"fusion-builder-row fusion-row \"><div  class=\"fusion-layout-column fusion_builder_column fusion_builder_column_1_1 fusion-builder-column-0 fusion-one-full fusion-column-first fusion-column-last 1_1\"  style='margin-top:0px;margin-bottom:0px;'><div class=\"fusion-column-wrapper\" style=\"padding: 0px 0px 0px 0px;background-position:left top;background-repeat:no-repeat;-webkit-background-size:cover;-moz-background-size:cover;-o-background-size:cover;background-size:cover;\"   data-bg-url=\"\"><div class=\"fusion-clearfix\"><\/div><\/div><\/div><\/div><\/div><div class=\"fusion-fullwidth fullwidth-box fusion-builder-row-2 hundred-percent-fullwidth non-hundred-percent-height-scrolling fusion-equal-height-columns\"  style='background-color: #242424;background-position: center center;background-repeat: no-repeat;padding-top:0px;padding-bottom:0px;'><div class=\"fusion-builder-row fusion-row \"><div  class=\"fusion-layout-column fusion_builder_column fusion_builder_column_1_2 fusion-builder-column-1 fusion-one-half fusion-column-first fusion-no-small-visibility fusion-column-inner-bg-wrapper 1_2\"  style='margin-top:0px;margin-bottom:0px;width:50%;width:calc(50% - ( ( 0 ) * 0.5 ) );margin-right: 0px;'><div class=\"fusion-column-wrapper\" style=\"padding: 0px 0px 0px 0px;\"  data-bg-url=\"https:\/\/gktarsulat.hu\/wp-content\/uploads\/2019\/03\/D\u00f6m\u00f6lky-bor\u00edt\u00f3-facebook-849x1024.jpg\"><div class=\"fusion-column-content-centered\"><div class=\"fusion-column-content\"><div class=\"fusion-sep-clear\"><\/div><div class=\"fusion-separator fusion-full-width-sep sep-none\" style=\"margin-left: auto;margin-right: auto;margin-top:5px;\"><\/div><\/div><\/div><div class=\"fusion-clearfix\"><\/div><\/div><span class=\"fusion-column-inner-bg hover-type-zoomin\" ><a  aria-label=\"D\u00f6m\u00f6lky bor\u00edt\u00f3 facebook\"><span class=\"fusion-column-inner-bg-image\"  style=\"background-image: url('https:\/\/gktarsulat.hu\/wp-content\/uploads\/2019\/03\/D\u00f6m\u00f6lky-bor\u00edt\u00f3-facebook-849x1024.jpg');background-position:left top;background-repeat:no-repeat;-webkit-background-size:cover;-moz-background-size:cover;-o-background-size:cover;background-size:cover;\"><\/span><\/a><\/span><\/div><div  class=\"fusion-layout-column fusion_builder_column fusion_builder_column_1_2 fusion-builder-column-2 fusion-one-half fusion-column-last 1_2\"  style='margin-top:0px;margin-bottom:0px;width:50%;width:calc(50% - ( ( 0 ) * 0.5 ) );'><div class=\"fusion-column-wrapper\" style=\"padding: 140px 70px 140px 70px;background-image: url('http:\/\/gktarsulat.hu\/wp-content\/uploads\/2018\/12\/avadabarbers-trimcut-topright.jpg');background-position:left bottom;background-repeat:no-repeat;-webkit-background-size:cover;-moz-background-size:cover;-o-background-size:cover;background-size:cover;\"   data-bg-url=\"http:\/\/gktarsulat.hu\/wp-content\/uploads\/2018\/12\/avadabarbers-trimcut-topright.jpg\"><div class=\"imageframe-align-center\"><span style=\"width:100%;max-width:65px;\" class=\"fusion-imageframe imageframe-none imageframe-1 hover-type-none\"><img loading=\"lazy\" src=\"https:\/\/gktarsulat.hu\/wp-content\/uploads\/2019\/03\/Szinhazi_rendezesek-300x300.png\" width=\"300\" height=\"300\" alt=\"\" title=\"Szinhazi_rendezesek\" class=\"img-responsive wp-image-1277\" srcset=\"https:\/\/gktarsulat.hu\/wp-content\/uploads\/2019\/03\/Szinhazi_rendezesek-200x200.png 200w, https:\/\/gktarsulat.hu\/wp-content\/uploads\/2019\/03\/Szinhazi_rendezesek-400x400.png 400w, https:\/\/gktarsulat.hu\/wp-content\/uploads\/2019\/03\/Szinhazi_rendezesek.png 512w\" sizes=\"(max-width: 800px) 100vw, 300px\" \/><\/span><\/div><style type=\"text\/css\">@media only screen and (max-width:800px) {.fusion-title.fusion-title-1{margin-top:10px!important;margin-bottom:10px!important;}}<\/style><div class=\"fusion-title title fusion-title-1 fusion-sep-none fusion-title-center fusion-title-text fusion-title-size-four\" style=\"margin-top:40px;margin-bottom:20px;\"><h4 class=\"title-heading-center\" style=\"margin:0;\"><h5>Sz\u00ednh\u00e1zi rendez\u00e9sek<\/h5><\/h4><\/div><style type=\"text\/css\">@media only screen and (max-width:800px) {.fusion-title.fusion-title-2{margin-top:10px!important;margin-bottom:10px!important;}}<\/style><div class=\"fusion-title title fusion-title-2 fusion-sep-none fusion-title-center fusion-title-text fusion-title-size-two\" style=\"margin-top:0px;margin-bottom:31px;\"><h2 class=\"title-heading-center\" style=\"margin:0;\"><h4><em>&#8211; 2007 \u00f3ta &#8211;<\/em><\/h4><\/h2><\/div><div class=\"fusion-text\"><h4>2007. \u00c1GENS: \u00c9des sz\u00edvem, ribanc vagy, B\u00e1rka Sz\u00ednh\u00e1z<br \/>\n2009. Gaia \u2013 kort\u00e1rs t\u00e1nc-b\u00e1b-sz\u00ednh\u00e1z, MU Sz\u00ednh\u00e1z<br \/>\n2009. Tril\u00f3gia-tanulm\u00e1ny \u2013 N\u00e1das P\u00e9ter: Tal\u00e1lkoz\u00e1s \u00e9s Temet\u00e9s, B\u00e1rka Sz\u00ednh\u00e1z, MU Sz\u00ednh\u00e1z, a Budapesti \u0150szi Fesztiv\u00e1l<br \/>\n2010. Zaccj\u00f3da \u2013 b\u00e1bsz\u00ednh\u00e1z feln\u0151tteknek, Sir\u00e1ly<br \/>\n2011. Heiner M\u00fcller: Kvartett \u2013 Hommage a Hajas Tibor, Nemzeti Sz\u00ednh\u00e1z<br \/>\n2012. Agota Kristof: Egy elsurran\u00f3 patk\u00e1ny, Nemzeti Sz\u00ednh\u00e1z<br \/>\n2013. Jean-Michel Baudoin: Mi a neved?, Pincesz\u00ednh\u00e1z<br \/>\n2013. Opera Amorale, \u00c1trium Film-Sz\u00ednh\u00e1z<br \/>\n2014 Mer\u00e9nylet \u00a0Peter Weiss: Marat\/Sade, \u00c1trium Film-Sz\u00ednh\u00e1z<br \/>\n2014. Anat Gov: Happy Ending, Belv\u00e1rosi Sz\u00ednh\u00e1z<br \/>\n2014. Noel Coward: Mag\u00e1n\u00e9let, Jur\u00e1nyi H\u00e1z<br \/>\n2016. Egy \u00fcnnepi sz\u00ednj\u00e1t\u00e9k 56-16, CaFe Budapest Kort\u00e1rs M\u0171v\u00e9szeti Fesztiv\u00e1l<br \/>\n2017. Befalazva, \u00a0Budapest B\u00e1bsz\u00ednh\u00e1z<br \/>\n2017. Murlin Murlo, K\u0151szeg V\u00e1rsz\u00ednh\u00e1z<br \/>\n2018-19. Vihar kapuj\u00e1ban, \u00a0Hevesi S\u00e1ndor Sz\u00ednh\u00e1z Zalaegerszeg<\/h4>\n<\/div><div class=\"fusion-clearfix\"><\/div><\/div><\/div><\/div><\/div><\/p>","protected":false},"excerpt":{"rendered":"","protected":false},"author":2,"featured_media":0,"parent":17,"menu_order":0,"comment_status":"closed","ping_status":"closed","template":"100-width.php","meta":[],"yoast_head":"<!-- This site is optimized with the Yoast SEO plugin v18.4.1 - https:\/\/yoast.com\/wordpress\/plugins\/seo\/ -->\n<title>Sz\u00ednh\u00e1zi rendez\u00e9sek - Gergye Kriszti\u00e1n T\u00e1rsulata<\/title>\n<meta name=\"robots\" content=\"index, follow, max-snippet:-1, max-image-preview:large, max-video-preview:-1\" \/>\n<link rel=\"canonical\" href=\"https:\/\/gktarsulat.hu\/tevekenysegeink\/szinhazirendezesek\/\" \/>\n<meta property=\"og:locale\" content=\"hu_HU\" \/>\n<meta property=\"og:type\" content=\"article\" \/>\n<meta property=\"og:title\" content=\"[:hu]Sz\u00ednh\u00e1zi rendez\u00e9sek[:en]Theater pieces[:] - Gergye Kriszti\u00e1n T\u00e1rsulata\" \/>\n<meta property=\"og:url\" content=\"https:\/\/gktarsulat.hu\/tevekenysegeink\/szinhazirendezesek\/\" \/>\n<meta property=\"og:site_name\" content=\"Gergye Kriszti\u00e1n T\u00e1rsulata\" \/>\n<meta property=\"article:modified_time\" content=\"2019-03-20T09:26:33+00:00\" \/>\n<meta name=\"twitter:card\" content=\"summary_large_image\" \/>\n<meta name=\"twitter:label1\" content=\"Becs\u00fclt olvas\u00e1si id\u0151\" \/>\n\t<meta name=\"twitter:data1\" content=\"23 perc\" \/>\n<script type=\"application\/ld+json\" class=\"yoast-schema-graph\">{\"@context\":\"https:\/\/schema.org\",\"@graph\":[{\"@type\":\"WebSite\",\"@id\":\"https:\/\/gktarsulat.hu\/hu\/#website\",\"url\":\"https:\/\/gktarsulat.hu\/hu\/\",\"name\":\"Gergye Kriszti\u00e1n T\u00e1rsulata\",\"description\":\"\",\"potentialAction\":[{\"@type\":\"SearchAction\",\"target\":{\"@type\":\"EntryPoint\",\"urlTemplate\":\"https:\/\/gktarsulat.hu\/hu\/?s={search_term_string}\"},\"query-input\":\"required name=search_term_string\"}],\"inLanguage\":\"hu\"},{\"@type\":\"WebPage\",\"@id\":\"https:\/\/gktarsulat.hu\/tevekenysegeink\/szinhazirendezesek\/#webpage\",\"url\":\"https:\/\/gktarsulat.hu\/tevekenysegeink\/szinhazirendezesek\/\",\"name\":\"[:hu]Sz\u00ednh\u00e1zi rendez\u00e9sek[:en]Theater pieces[:] - Gergye Kriszti\u00e1n T\u00e1rsulata\",\"isPartOf\":{\"@id\":\"https:\/\/gktarsulat.hu\/hu\/#website\"},\"datePublished\":\"2019-03-18T09:10:13+00:00\",\"dateModified\":\"2019-03-20T09:26:33+00:00\",\"breadcrumb\":{\"@id\":\"https:\/\/gktarsulat.hu\/tevekenysegeink\/szinhazirendezesek\/#breadcrumb\"},\"inLanguage\":\"hu\",\"potentialAction\":[{\"@type\":\"ReadAction\",\"target\":[\"https:\/\/gktarsulat.hu\/tevekenysegeink\/szinhazirendezesek\/\"]}]},{\"@type\":\"BreadcrumbList\",\"@id\":\"https:\/\/gktarsulat.hu\/tevekenysegeink\/szinhazirendezesek\/#breadcrumb\",\"itemListElement\":[{\"@type\":\"ListItem\",\"position\":1,\"name\":\"Home\",\"item\":\"https:\/\/gktarsulat.hu\/\"},{\"@type\":\"ListItem\",\"position\":2,\"name\":\"Tev\u00e9kenys\u00e9geink\",\"item\":\"https:\/\/gktarsulat.hu\/tevekenysegeink\/\"},{\"@type\":\"ListItem\",\"position\":3,\"name\":\"Sz\u00ednh\u00e1zi rendez\u00e9sek\"}]}]}<\/script>\n<!-- \/ Yoast SEO plugin. -->","yoast_head_json":{"title":"[:hu]Sz\u00ednh\u00e1zi rendez\u00e9sek[:en]Theater pieces[:] - Gergye Kriszti\u00e1n T\u00e1rsulata","robots":{"index":"index","follow":"follow","max-snippet":"max-snippet:-1","max-image-preview":"max-image-preview:large","max-video-preview":"max-video-preview:-1"},"canonical":"https:\/\/gktarsulat.hu\/tevekenysegeink\/szinhazirendezesek\/","og_locale":"hu_HU","og_type":"article","og_title":"[:hu]Sz\u00ednh\u00e1zi rendez\u00e9sek[:en]Theater pieces[:] - Gergye Kriszti\u00e1n T\u00e1rsulata","og_url":"https:\/\/gktarsulat.hu\/tevekenysegeink\/szinhazirendezesek\/","og_site_name":"Gergye Kriszti\u00e1n T\u00e1rsulata","article_modified_time":"2019-03-20T09:26:33+00:00","twitter_card":"summary_large_image","twitter_misc":{"Becs\u00fclt olvas\u00e1si id\u0151":"23 perc"},"schema":{"@context":"https:\/\/schema.org","@graph":[{"@type":"WebSite","@id":"https:\/\/gktarsulat.hu\/hu\/#website","url":"https:\/\/gktarsulat.hu\/hu\/","name":"Gergye Kriszti\u00e1n T\u00e1rsulata","description":"","potentialAction":[{"@type":"SearchAction","target":{"@type":"EntryPoint","urlTemplate":"https:\/\/gktarsulat.hu\/hu\/?s={search_term_string}"},"query-input":"required name=search_term_string"}],"inLanguage":"hu"},{"@type":"WebPage","@id":"https:\/\/gktarsulat.hu\/tevekenysegeink\/szinhazirendezesek\/#webpage","url":"https:\/\/gktarsulat.hu\/tevekenysegeink\/szinhazirendezesek\/","name":"[:hu]Sz\u00ednh\u00e1zi rendez\u00e9sek[:en]Theater pieces[:] - Gergye Kriszti\u00e1n T\u00e1rsulata","isPartOf":{"@id":"https:\/\/gktarsulat.hu\/hu\/#website"},"datePublished":"2019-03-18T09:10:13+00:00","dateModified":"2019-03-20T09:26:33+00:00","breadcrumb":{"@id":"https:\/\/gktarsulat.hu\/tevekenysegeink\/szinhazirendezesek\/#breadcrumb"},"inLanguage":"hu","potentialAction":[{"@type":"ReadAction","target":["https:\/\/gktarsulat.hu\/tevekenysegeink\/szinhazirendezesek\/"]}]},{"@type":"BreadcrumbList","@id":"https:\/\/gktarsulat.hu\/tevekenysegeink\/szinhazirendezesek\/#breadcrumb","itemListElement":[{"@type":"ListItem","position":1,"name":"Home","item":"https:\/\/gktarsulat.hu\/"},{"@type":"ListItem","position":2,"name":"Tev\u00e9kenys\u00e9geink","item":"https:\/\/gktarsulat.hu\/tevekenysegeink\/"},{"@type":"ListItem","position":3,"name":"Sz\u00ednh\u00e1zi rendez\u00e9sek"}]}]}},"_links":{"self":[{"href":"https:\/\/gktarsulat.hu\/hu\/wp-json\/wp\/v2\/pages\/1313"}],"collection":[{"href":"https:\/\/gktarsulat.hu\/hu\/wp-json\/wp\/v2\/pages"}],"about":[{"href":"https:\/\/gktarsulat.hu\/hu\/wp-json\/wp\/v2\/types\/page"}],"author":[{"embeddable":true,"href":"https:\/\/gktarsulat.hu\/hu\/wp-json\/wp\/v2\/users\/2"}],"replies":[{"embeddable":true,"href":"https:\/\/gktarsulat.hu\/hu\/wp-json\/wp\/v2\/comments?post=1313"}],"version-history":[{"count":7,"href":"https:\/\/gktarsulat.hu\/hu\/wp-json\/wp\/v2\/pages\/1313\/revisions"}],"predecessor-version":[{"id":1663,"href":"https:\/\/gktarsulat.hu\/hu\/wp-json\/wp\/v2\/pages\/1313\/revisions\/1663"}],"up":[{"embeddable":true,"href":"https:\/\/gktarsulat.hu\/hu\/wp-json\/wp\/v2\/pages\/17"}],"wp:attachment":[{"href":"https:\/\/gktarsulat.hu\/hu\/wp-json\/wp\/v2\/media?parent=1313"}],"curies":[{"name":"wp","href":"https:\/\/api.w.org\/{rel}","templated":true}]}}