{"id":1316,"date":"2019-03-18T10:12:26","date_gmt":"2019-03-18T09:12:26","guid":{"rendered":"https:\/\/gktarsulat.hu\/?page_id=1316"},"modified":"2019-03-20T10:22:42","modified_gmt":"2019-03-20T09:22:42","slug":"muzeumiprojektek","status":"publish","type":"page","link":"https:\/\/gktarsulat.hu\/hu\/tevekenysegeink\/muzeumiprojektek\/","title":{"rendered":"M\u00fazeumi el\u0151ad\u00e1sok"},"content":{"rendered":"<p><div class=\"fusion-fullwidth fullwidth-box fusion-builder-row-1 nonhundred-percent-fullwidth non-hundred-percent-height-scrolling\"  style='background-color: #be9359;background-position: center center;background-repeat: no-repeat;padding-top:3px;padding-right:0px;padding-bottom:3px;padding-left:0px;'><div class=\"fusion-builder-row fusion-row \"><div  class=\"fusion-layout-column fusion_builder_column fusion_builder_column_1_1 fusion-builder-column-0 fusion-one-full fusion-column-first fusion-column-last 1_1\"  style='margin-top:0px;margin-bottom:0px;'><div class=\"fusion-column-wrapper\" style=\"padding: 0px 0px 0px 0px;background-position:left top;background-repeat:no-repeat;-webkit-background-size:cover;-moz-background-size:cover;-o-background-size:cover;background-size:cover;\"   data-bg-url=\"\"><div class=\"fusion-clearfix\"><\/div><\/div><\/div><\/div><\/div><div class=\"fusion-fullwidth fullwidth-box fusion-builder-row-2 hundred-percent-fullwidth non-hundred-percent-height-scrolling fusion-equal-height-columns\"  style='background-color: #242424;background-position: center center;background-repeat: no-repeat;padding-top:0px;padding-bottom:0px;'><div class=\"fusion-builder-row fusion-row \"><div  class=\"fusion-layout-column fusion_builder_column fusion_builder_column_1_2 fusion-builder-column-1 fusion-one-half fusion-column-first fusion-no-small-visibility fusion-column-inner-bg-wrapper 1_2\"  style='margin-top:0px;margin-bottom:0px;width:50%;width:calc(50% - ( ( 0 ) * 0.5 ) );margin-right: 0px;'><div class=\"fusion-column-wrapper\" style=\"padding: 0px 0px 0px 0px;\"  data-bg-url=\"https:\/\/gktarsulat.hu\/wp-content\/uploads\/2019\/03\/hamiarnyak_master_domolky_daniel_WEB_045.jpg\"><div class=\"fusion-column-content-centered\"><div class=\"fusion-column-content\"><div class=\"fusion-sep-clear\"><\/div><div class=\"fusion-separator fusion-full-width-sep sep-none\" style=\"margin-left: auto;margin-right: auto;margin-top:5px;\"><\/div><\/div><\/div><div class=\"fusion-clearfix\"><\/div><\/div><span class=\"fusion-column-inner-bg hover-type-zoomin\" ><a  aria-label=\"hamiarnyak_master_domolky_daniel_WEB_045\"><span class=\"fusion-column-inner-bg-image\"  style=\"background-image: url('https:\/\/gktarsulat.hu\/wp-content\/uploads\/2019\/03\/hamiarnyak_master_domolky_daniel_WEB_045.jpg');background-position:left top;background-repeat:no-repeat;-webkit-background-size:cover;-moz-background-size:cover;-o-background-size:cover;background-size:cover;\"><\/span><\/a><\/span><\/div><div  class=\"fusion-layout-column fusion_builder_column fusion_builder_column_1_2 fusion-builder-column-2 fusion-one-half fusion-column-last 1_2\"  style='margin-top:0px;margin-bottom:0px;width:50%;width:calc(50% - ( ( 0 ) * 0.5 ) );'><div class=\"fusion-column-wrapper\" style=\"padding: 140px 70px 140px 70px;background-image: url('http:\/\/gktarsulat.hu\/wp-content\/uploads\/2018\/12\/avadabarbers-trimcut-topright.jpg');background-position:left bottom;background-repeat:no-repeat;-webkit-background-size:cover;-moz-background-size:cover;-o-background-size:cover;background-size:cover;\"   data-bg-url=\"http:\/\/gktarsulat.hu\/wp-content\/uploads\/2018\/12\/avadabarbers-trimcut-topright.jpg\"><div class=\"imageframe-align-center\"><span style=\"width:100%;max-width:65px;\" class=\"fusion-imageframe imageframe-none imageframe-1 hover-type-none\"><img loading=\"lazy\" src=\"https:\/\/gktarsulat.hu\/wp-content\/uploads\/2019\/03\/Muzeumi_eloadasok-300x300.png\" width=\"300\" height=\"300\" alt=\"\" title=\"Muzeumi_eloadasok\" class=\"img-responsive wp-image-1275\" srcset=\"https:\/\/gktarsulat.hu\/wp-content\/uploads\/2019\/03\/Muzeumi_eloadasok-200x200.png 200w, https:\/\/gktarsulat.hu\/wp-content\/uploads\/2019\/03\/Muzeumi_eloadasok-400x400.png 400w, https:\/\/gktarsulat.hu\/wp-content\/uploads\/2019\/03\/Muzeumi_eloadasok.png 512w\" sizes=\"(max-width: 800px) 100vw, 300px\" \/><\/span><\/div><style type=\"text\/css\">@media only screen and (max-width:800px) {.fusion-title.fusion-title-1{margin-top:10px!important;margin-bottom:10px!important;}}<\/style><div class=\"fusion-title title fusion-title-1 fusion-sep-none fusion-title-center fusion-title-text fusion-title-size-four\" style=\"margin-top:40px;margin-bottom:20px;\"><h4 class=\"title-heading-center\" style=\"margin:0;\"><h5>M\u00fazeumi \u00e9s Egyedi performanszok<\/h5><\/h4><\/div><style type=\"text\/css\">@media only screen and (max-width:800px) {.fusion-title.fusion-title-2{margin-top:10px!important;margin-bottom:10px!important;}}<\/style><div class=\"fusion-title title fusion-title-2 fusion-sep-none fusion-title-center fusion-title-text fusion-title-size-two\" style=\"margin-top:0px;margin-bottom:31px;\"><h2 class=\"title-heading-center\" style=\"margin:0;\"><h4><em>&#8211; 2004 \u00f3ta &#8211;<\/em><\/h4><\/h2><\/div><div class=\"fusion-text\"><h4>2004. Testinstall\u00e1ci\u00f3k a holocaustr\u00f3l (M\u0171csarnok)<br \/>\n2005. abakanon sz\u00e9pm\u0171v\u00e9szeti m\u00fazeum<br \/>\n2008. Oziris &#8211; test-rekonstrukci\u00f3<br \/>\n2010. Messi\u00e1sok &#8211; Modem<br \/>\n2013. EGOEGOEGO (Sz\u00e9pm\u0171v\u00e9szeti M\u00fazeum)<br \/>\n2016. Hatty\u00fa &#8211; in memoriam El Kazovszkij<br \/>\n2017. LILITH &#8211; Fekete hold &#8211; in memoriam Orsz\u00e1g Lili &#8211; MNG, MODEM<br \/>\n2019. emberi, t\u00fals\u00e1gosan is emberi &#8211; Bacon and Freud MNG &#8211; 2019<\/h4>\n<\/div><div class=\"fusion-clearfix\"><\/div><\/div><\/div><\/div><\/div><\/p>","protected":false},"excerpt":{"rendered":"","protected":false},"author":2,"featured_media":0,"parent":17,"menu_order":0,"comment_status":"closed","ping_status":"closed","template":"100-width.php","meta":[],"yoast_head":"<!-- This site is optimized with the Yoast SEO plugin v18.4.1 - https:\/\/yoast.com\/wordpress\/plugins\/seo\/ -->\n<title>M\u00fazeumi el\u0151ad\u00e1sok - Gergye Kriszti\u00e1n T\u00e1rsulata<\/title>\n<meta name=\"robots\" content=\"index, follow, max-snippet:-1, max-image-preview:large, max-video-preview:-1\" \/>\n<link rel=\"canonical\" href=\"https:\/\/gktarsulat.hu\/tevekenysegeink\/muzeumiprojektek\/\" \/>\n<meta property=\"og:locale\" content=\"hu_HU\" \/>\n<meta property=\"og:type\" content=\"article\" \/>\n<meta property=\"og:title\" content=\"[:hu]M\u00fazeumi el\u0151ad\u00e1sok[:en]Museum projects[:] - Gergye Kriszti\u00e1n T\u00e1rsulata\" \/>\n<meta property=\"og:url\" content=\"https:\/\/gktarsulat.hu\/tevekenysegeink\/muzeumiprojektek\/\" \/>\n<meta property=\"og:site_name\" content=\"Gergye Kriszti\u00e1n T\u00e1rsulata\" \/>\n<meta property=\"article:modified_time\" content=\"2019-03-20T09:22:42+00:00\" \/>\n<meta name=\"twitter:card\" content=\"summary_large_image\" \/>\n<meta name=\"twitter:label1\" content=\"Becs\u00fclt olvas\u00e1si id\u0151\" \/>\n\t<meta name=\"twitter:data1\" content=\"22 perc\" \/>\n<script type=\"application\/ld+json\" class=\"yoast-schema-graph\">{\"@context\":\"https:\/\/schema.org\",\"@graph\":[{\"@type\":\"WebSite\",\"@id\":\"https:\/\/gktarsulat.hu\/hu\/#website\",\"url\":\"https:\/\/gktarsulat.hu\/hu\/\",\"name\":\"Gergye Kriszti\u00e1n T\u00e1rsulata\",\"description\":\"\",\"potentialAction\":[{\"@type\":\"SearchAction\",\"target\":{\"@type\":\"EntryPoint\",\"urlTemplate\":\"https:\/\/gktarsulat.hu\/hu\/?s={search_term_string}\"},\"query-input\":\"required name=search_term_string\"}],\"inLanguage\":\"hu\"},{\"@type\":\"WebPage\",\"@id\":\"https:\/\/gktarsulat.hu\/tevekenysegeink\/muzeumiprojektek\/#webpage\",\"url\":\"https:\/\/gktarsulat.hu\/tevekenysegeink\/muzeumiprojektek\/\",\"name\":\"[:hu]M\u00fazeumi el\u0151ad\u00e1sok[:en]Museum projects[:] - Gergye Kriszti\u00e1n T\u00e1rsulata\",\"isPartOf\":{\"@id\":\"https:\/\/gktarsulat.hu\/hu\/#website\"},\"datePublished\":\"2019-03-18T09:12:26+00:00\",\"dateModified\":\"2019-03-20T09:22:42+00:00\",\"breadcrumb\":{\"@id\":\"https:\/\/gktarsulat.hu\/tevekenysegeink\/muzeumiprojektek\/#breadcrumb\"},\"inLanguage\":\"hu\",\"potentialAction\":[{\"@type\":\"ReadAction\",\"target\":[\"https:\/\/gktarsulat.hu\/tevekenysegeink\/muzeumiprojektek\/\"]}]},{\"@type\":\"BreadcrumbList\",\"@id\":\"https:\/\/gktarsulat.hu\/tevekenysegeink\/muzeumiprojektek\/#breadcrumb\",\"itemListElement\":[{\"@type\":\"ListItem\",\"position\":1,\"name\":\"Home\",\"item\":\"https:\/\/gktarsulat.hu\/\"},{\"@type\":\"ListItem\",\"position\":2,\"name\":\"Tev\u00e9kenys\u00e9geink\",\"item\":\"https:\/\/gktarsulat.hu\/tevekenysegeink\/\"},{\"@type\":\"ListItem\",\"position\":3,\"name\":\"M\u00fazeumi el\u0151ad\u00e1sok\"}]}]}<\/script>\n<!-- \/ Yoast SEO plugin. -->","yoast_head_json":{"title":"[:hu]M\u00fazeumi el\u0151ad\u00e1sok[:en]Museum projects[:] - Gergye Kriszti\u00e1n T\u00e1rsulata","robots":{"index":"index","follow":"follow","max-snippet":"max-snippet:-1","max-image-preview":"max-image-preview:large","max-video-preview":"max-video-preview:-1"},"canonical":"https:\/\/gktarsulat.hu\/tevekenysegeink\/muzeumiprojektek\/","og_locale":"hu_HU","og_type":"article","og_title":"[:hu]M\u00fazeumi el\u0151ad\u00e1sok[:en]Museum projects[:] - Gergye Kriszti\u00e1n T\u00e1rsulata","og_url":"https:\/\/gktarsulat.hu\/tevekenysegeink\/muzeumiprojektek\/","og_site_name":"Gergye Kriszti\u00e1n T\u00e1rsulata","article_modified_time":"2019-03-20T09:22:42+00:00","twitter_card":"summary_large_image","twitter_misc":{"Becs\u00fclt olvas\u00e1si id\u0151":"22 perc"},"schema":{"@context":"https:\/\/schema.org","@graph":[{"@type":"WebSite","@id":"https:\/\/gktarsulat.hu\/hu\/#website","url":"https:\/\/gktarsulat.hu\/hu\/","name":"Gergye Kriszti\u00e1n T\u00e1rsulata","description":"","potentialAction":[{"@type":"SearchAction","target":{"@type":"EntryPoint","urlTemplate":"https:\/\/gktarsulat.hu\/hu\/?s={search_term_string}"},"query-input":"required name=search_term_string"}],"inLanguage":"hu"},{"@type":"WebPage","@id":"https:\/\/gktarsulat.hu\/tevekenysegeink\/muzeumiprojektek\/#webpage","url":"https:\/\/gktarsulat.hu\/tevekenysegeink\/muzeumiprojektek\/","name":"[:hu]M\u00fazeumi el\u0151ad\u00e1sok[:en]Museum projects[:] - Gergye Kriszti\u00e1n T\u00e1rsulata","isPartOf":{"@id":"https:\/\/gktarsulat.hu\/hu\/#website"},"datePublished":"2019-03-18T09:12:26+00:00","dateModified":"2019-03-20T09:22:42+00:00","breadcrumb":{"@id":"https:\/\/gktarsulat.hu\/tevekenysegeink\/muzeumiprojektek\/#breadcrumb"},"inLanguage":"hu","potentialAction":[{"@type":"ReadAction","target":["https:\/\/gktarsulat.hu\/tevekenysegeink\/muzeumiprojektek\/"]}]},{"@type":"BreadcrumbList","@id":"https:\/\/gktarsulat.hu\/tevekenysegeink\/muzeumiprojektek\/#breadcrumb","itemListElement":[{"@type":"ListItem","position":1,"name":"Home","item":"https:\/\/gktarsulat.hu\/"},{"@type":"ListItem","position":2,"name":"Tev\u00e9kenys\u00e9geink","item":"https:\/\/gktarsulat.hu\/tevekenysegeink\/"},{"@type":"ListItem","position":3,"name":"M\u00fazeumi el\u0151ad\u00e1sok"}]}]}},"_links":{"self":[{"href":"https:\/\/gktarsulat.hu\/hu\/wp-json\/wp\/v2\/pages\/1316"}],"collection":[{"href":"https:\/\/gktarsulat.hu\/hu\/wp-json\/wp\/v2\/pages"}],"about":[{"href":"https:\/\/gktarsulat.hu\/hu\/wp-json\/wp\/v2\/types\/page"}],"author":[{"embeddable":true,"href":"https:\/\/gktarsulat.hu\/hu\/wp-json\/wp\/v2\/users\/2"}],"replies":[{"embeddable":true,"href":"https:\/\/gktarsulat.hu\/hu\/wp-json\/wp\/v2\/comments?post=1316"}],"version-history":[{"count":10,"href":"https:\/\/gktarsulat.hu\/hu\/wp-json\/wp\/v2\/pages\/1316\/revisions"}],"predecessor-version":[{"id":1660,"href":"https:\/\/gktarsulat.hu\/hu\/wp-json\/wp\/v2\/pages\/1316\/revisions\/1660"}],"up":[{"embeddable":true,"href":"https:\/\/gktarsulat.hu\/hu\/wp-json\/wp\/v2\/pages\/17"}],"wp:attachment":[{"href":"https:\/\/gktarsulat.hu\/hu\/wp-json\/wp\/v2\/media?parent=1316"}],"curies":[{"name":"wp","href":"https:\/\/api.w.org\/{rel}","templated":true}]}}