{"id":21,"date":"2018-12-07T16:13:30","date_gmt":"2018-12-07T16:13:30","guid":{"rendered":"http:\/\/gktarsulat.hu\/?page_id=21"},"modified":"2019-03-19T19:30:28","modified_gmt":"2019-03-19T18:30:28","slug":"contact-us","status":"publish","type":"page","link":"https:\/\/gktarsulat.hu\/hu\/contact-us\/","title":{"rendered":"\u00cdrj nek\u00fcnk!"},"content":{"rendered":"<p><div class=\"fusion-fullwidth fullwidth-box fusion-builder-row-1 fusion-parallax-none hundred-percent-fullwidth non-hundred-percent-height-scrolling fusion-equal-height-columns\"  style='background-color: #171717;background-image: url(\"http:\/\/gktarsulat.hu\/wp-content\/uploads\/2018\/12\/avadabarbers-about-introbackground.jpg\");background-position: center top;background-repeat: no-repeat;-webkit-background-size:cover;-moz-background-size:cover;-o-background-size:cover;background-size:cover;'><div class=\"fusion-builder-row fusion-row \"><div  class=\"fusion-layout-column fusion_builder_column fusion_builder_column_1_3 fusion-builder-column-0 fusion-one-third fusion-column-first 1_3\"  style='margin-top:0px;margin-bottom:0px;width:33.33%;width:calc(33.33% - ( ( 0 ) * 0.3333 ) );margin-right: 0px;'><div class=\"fusion-column-wrapper\" style=\"background-color:rgba(255,255,255,0.05);padding: 12% 12% 12% 12%;background-position:left top;background-repeat:no-repeat;-webkit-background-size:cover;-moz-background-size:cover;-o-background-size:cover;background-size:cover;\"   data-bg-url=\"\"><style type=\"text\/css\">@media only screen and (max-width:800px) {.fusion-title.fusion-title-1{margin-top:10px!important;margin-bottom:10px!important;}}<\/style><div class=\"fusion-title title fusion-title-1 fusion-sep-none fusion-title-center fusion-title-text fusion-title-size-four\" style=\"margin-top:60px;margin-bottom:30px;\"><h4 class=\"title-heading-center\" style=\"margin:0;color:#e2e2e2;\">El\u00e9rhet\u0151s\u00e9gek<\/h4><\/div><div class=\"fusion-text\"><p style=\"font-size: 16px; text-align: center;\">1027 Budapest, Jur\u00e1nyi u.1-3. Hungary<\/p>\n<p style=\"font-size: 22px; color: #be9359; text-align: center;\"><strong>+36 20 973 4561<\/strong><\/p>\n<p style=\"font-size: 16px; color: #ffffff; text-align: center;\">gktarsulata@gmail.com<\/p>\n<\/div><div class=\"fusion-clearfix\"><\/div><\/div><\/div><div  class=\"fusion-layout-column fusion_builder_column fusion_builder_column_2_3 fusion-builder-column-1 fusion-two-third fusion-column-last fusion-column-no-min-height 2_3\"  style='margin-top:0px;margin-bottom:0px;width:66.66%;width:calc(66.66% - ( ( 0 ) * 0.6666 ) );'><div class=\"fusion-column-wrapper\" style=\"padding: 6% 12% 9% 12%;background-position:left top;background-repeat:no-repeat;-webkit-background-size:cover;-moz-background-size:cover;-o-background-size:cover;background-size:cover;\"   data-bg-url=\"\"><div class=\"fusion-sep-clear\"><\/div><div class=\"fusion-separator fusion-no-large-visibility fusion-full-width-sep sep-none\" style=\"margin-left: auto;margin-right: auto;margin-top:30px;\"><\/div><style type=\"text\/css\">@media only screen and (max-width:800px) {.fusion-title.fusion-title-2{margin-top:10px!important;margin-bottom:10px!important;}}<\/style><div class=\"fusion-title title fusion-title-2 fusion-sep-none fusion-title-text fusion-title-size-four\" style=\"margin-top:0px;margin-bottom:31px;\"><h4 class=\"title-heading-left\" style=\"margin:0;color:#e2e2e2;\">K\u00e9rlek \u00edrj nek\u00fcnk!<\/h4><\/div><div class=\"fusion-text\"><\/div><div class=\"fusion-sep-clear\"><\/div><div class=\"fusion-separator fusion-full-width-sep sep-none\" style=\"margin-left: auto;margin-right: auto;margin-top:20px;margin-bottom:30px;\"><\/div><div role=\"form\" class=\"wpcf7\" id=\"wpcf7-f354-o1\" lang=\"en-US\" dir=\"ltr\">\n<div class=\"screen-reader-response\"><p role=\"status\" aria-live=\"polite\" aria-atomic=\"true\"><\/p> <ul><\/ul><\/div>\n<form action=\"\/hu\/wp-json\/wp\/v2\/pages\/21#wpcf7-f354-o1\" method=\"post\" class=\"wpcf7-form init\" novalidate=\"novalidate\" data-status=\"init\">\n<div style=\"display: none;\">\n<input type=\"hidden\" name=\"_wpcf7\" value=\"354\" \/>\n<input type=\"hidden\" name=\"_wpcf7_version\" value=\"5.5.6\" \/>\n<input type=\"hidden\" name=\"_wpcf7_locale\" value=\"en_US\" \/>\n<input type=\"hidden\" name=\"_wpcf7_unit_tag\" value=\"wpcf7-f354-o1\" \/>\n<input type=\"hidden\" name=\"_wpcf7_container_post\" value=\"0\" \/>\n<input type=\"hidden\" name=\"_wpcf7_posted_data_hash\" value=\"\" \/>\n<\/div>\n<div class=\"fusion-one-third fusion-layout-column fusion-spacing-yes\"><label> N\u00e9v <span class=\"wpcf7-form-control-wrap your-name\"><input type=\"text\" name=\"your-name\" value=\"\" size=\"40\" class=\"wpcf7-form-control wpcf7-text wpcf7-validates-as-required\" aria-required=\"true\" aria-invalid=\"false\" \/><\/span> <\/label><\/div>\n<div class=\"fusion-one-third fusion-layout-column fusion-spacing-yes\"><label> Email <span class=\"wpcf7-form-control-wrap your-email\"><input type=\"email\" name=\"your-email\" value=\"\" size=\"40\" class=\"wpcf7-form-control wpcf7-text wpcf7-email wpcf7-validates-as-required wpcf7-validates-as-email\" aria-required=\"true\" aria-invalid=\"false\" \/><\/span><\/label><\/div>\n<div class=\"fusion-one-third fusion-layout-column fusion-spacing-yes\"><label>D\u00e1tum <span class=\"wpcf7-form-control-wrap date-933\"><input type=\"date\" name=\"date-933\" value=\"\" class=\"wpcf7-form-control wpcf7-date wpcf7-validates-as-date\" aria-invalid=\"false\" placeholder=\"2015-06-01\" \/><\/span><\/label>\n<\/div>\n<div class=\"fusion-one-full fusion-layout-column fusion-spacing-yes\">\n<p><label>Az \u00fczeneted <span class=\"wpcf7-form-control-wrap your-message\"><textarea name=\"your-message\" cols=\"40\" rows=\"10\" class=\"wpcf7-form-control wpcf7-textarea\" aria-invalid=\"false\"><\/textarea><\/span><\/label><\/p<\/p>\n<p><input type=\"submit\" value=\"K\u00fcld\u00e9s\" class=\"wpcf7-form-control has-spinner wpcf7-submit\" \/> <\/p>\n<\/div>\n<div class=\"fusion-alert alert custom alert-custom fusion-alert-center wpcf7-response-output fusion-alert-capitalize alert-dismissable\" style=\"border-width:1px;\"><button type=\"button\" class=\"close toggle-alert\" data-dismiss=\"alert\" aria-hidden=\"true\">&times;<\/button><div class=\"fusion-alert-content-wrapper\"><span class=\"fusion-alert-content\"><\/span><\/div><\/div><\/form><\/div><div class=\"fusion-clearfix\"><\/div><\/div><\/div><\/div><\/div><div class=\"fusion-fullwidth fullwidth-box fusion-builder-row-2 hundred-percent-fullwidth non-hundred-percent-height-scrolling\"  style='background-color: #242424;background-position: center center;background-repeat: no-repeat;padding-top:0px;padding-bottom:0px;'><div class=\"fusion-builder-row fusion-row \"><div  class=\"fusion-layout-column fusion_builder_column fusion_builder_column_1_1 fusion-builder-column-2 fusion-one-full fusion-column-first fusion-column-last 1_1\"  style='margin-top:0px;margin-bottom:0px;'><div class=\"fusion-column-wrapper\" style=\"padding: 0px 0px 0px 0px;background-position:left top;background-repeat:no-repeat;-webkit-background-size:cover;-moz-background-size:cover;-o-background-size:cover;background-size:cover;\"   data-bg-url=\"\">\t\t\t\t\t<script type=\"text\/javascript\">\n\t\t\t\t\t\tvar map_fusion_map_69eca86157e26;\n\t\t\t\t\t\tvar markers = [];\n\t\t\t\t\t\tvar counter = 0;\n\t\t\t\t\t\t\t\t\t\t\t\t\t\t\t\t\t\t\t\tvar fusionMapNonce = 'a0d6b9f59c';\n\t\t\t\t\t\t\t\t\t\t\t\tfunction fusion_run_map_fusion_map_69eca86157e26() {\n\t\t\t\t\t\t\tjQuery('#fusion_map_69eca86157e26').fusion_maps({\n\t\t\t\t\t\t\t\taddresses: [{\"address\":\"775 New York Ave, Brooklyn, Kings, New York 11203\",\"infobox_content\":\"775 New York Ave, Brooklyn, Kings, New York 11203\",\"marker\":\"https:\\\/\\\/gktarsulat.hu\\\/wp-content\\\/plugins\\\/fusion-builder\\\/images\\\/avada_map_marker.png\",\"coordinates\":false,\"cache\":true,\"latitude\":\"40.6550041\",\"longitude\":\"-73.94697489999999\"}],\n\t\t\t\t\t\t\t\tanimations: true,\n\t\t\t\t\t\t\t\tinfobox_background_color: 'rgba(0, 0, 0, 0.8)',\n\t\t\t\t\t\t\t\tinfobox_styling: 'custom',\n\t\t\t\t\t\t\t\tinfobox_text_color: '#fff',\n\t\t\t\t\t\t\t\tmap_style: 'custom',\n\t\t\t\t\t\t\t\tmap_type: 'roadmap',\n\t\t\t\t\t\t\t\tmarker_icon: 'theme',\n\t\t\t\t\t\t\t\toverlay_color: '#000000',\n\t\t\t\t\t\t\t\toverlay_color_hsl: {\"hue\":0,\"sat\":0,\"lum\":0},\n\t\t\t\t\t\t\t\tpan_control: true,\n\t\t\t\t\t\t\t\tshow_address: true,\n\t\t\t\t\t\t\t\tscale_control: true,\n\t\t\t\t\t\t\t\tscrollwheel: false,\n\t\t\t\t\t\t\t\tzoom: 14,\n\t\t\t\t\t\t\t\tzoom_control: true,\n\t\t\t\t\t\t\t});\n\t\t\t\t\t\t}\n\n\t\t\t\t\t\tgoogle.maps.event.addDomListener(window, 'load', fusion_run_map_fusion_map_69eca86157e26);\n\t\t\t\t\t<\/script>\n\t\t\t\t\t<div class=\"shortcode-map fusion-google-map fusion-maps-js-type\" id=\"fusion_map_69eca86157e26\" style=\"height:400px;width:100%;\"><\/div><div class=\"fusion-clearfix\"><\/div><\/div><\/div><\/div><\/div><\/p>","protected":false},"excerpt":{"rendered":"","protected":false},"author":2,"featured_media":0,"parent":0,"menu_order":0,"comment_status":"closed","ping_status":"closed","template":"100-width.php","meta":[],"yoast_head":"<!-- This site is optimized with the Yoast SEO plugin v18.4.1 - https:\/\/yoast.com\/wordpress\/plugins\/seo\/ -->\n<title>\u00cdrj nek\u00fcnk! - Gergye Kriszti\u00e1n T\u00e1rsulata<\/title>\n<meta name=\"robots\" content=\"index, follow, max-snippet:-1, max-image-preview:large, max-video-preview:-1\" \/>\n<link rel=\"canonical\" href=\"https:\/\/gktarsulat.hu\/hu\/contact-us\/\" \/>\n<meta property=\"og:locale\" content=\"hu_HU\" \/>\n<meta property=\"og:type\" content=\"article\" \/>\n<meta property=\"og:title\" content=\"[:hu]\u00cdrj nek\u00fcnk![:en]Contact Us[:] - Gergye Kriszti\u00e1n T\u00e1rsulata\" \/>\n<meta property=\"og:url\" content=\"https:\/\/gktarsulat.hu\/hu\/contact-us\/\" \/>\n<meta property=\"og:site_name\" content=\"Gergye Kriszti\u00e1n T\u00e1rsulata\" \/>\n<meta property=\"article:modified_time\" content=\"2019-03-19T18:30:28+00:00\" \/>\n<meta name=\"twitter:card\" content=\"summary_large_image\" \/>\n<meta name=\"twitter:label1\" content=\"Becs\u00fclt olvas\u00e1si id\u0151\" \/>\n\t<meta name=\"twitter:data1\" content=\"8 perc\" \/>\n<script type=\"application\/ld+json\" class=\"yoast-schema-graph\">{\"@context\":\"https:\/\/schema.org\",\"@graph\":[{\"@type\":\"WebSite\",\"@id\":\"https:\/\/gktarsulat.hu\/hu\/#website\",\"url\":\"https:\/\/gktarsulat.hu\/hu\/\",\"name\":\"Gergye Kriszti\u00e1n T\u00e1rsulata\",\"description\":\"\",\"potentialAction\":[{\"@type\":\"SearchAction\",\"target\":{\"@type\":\"EntryPoint\",\"urlTemplate\":\"https:\/\/gktarsulat.hu\/hu\/?s={search_term_string}\"},\"query-input\":\"required name=search_term_string\"}],\"inLanguage\":\"hu\"},{\"@type\":\"WebPage\",\"@id\":\"https:\/\/gktarsulat.hu\/hu\/contact-us\/#webpage\",\"url\":\"https:\/\/gktarsulat.hu\/hu\/contact-us\/\",\"name\":\"[:hu]\u00cdrj nek\u00fcnk![:en]Contact Us[:] - Gergye Kriszti\u00e1n T\u00e1rsulata\",\"isPartOf\":{\"@id\":\"https:\/\/gktarsulat.hu\/hu\/#website\"},\"datePublished\":\"2018-12-07T16:13:30+00:00\",\"dateModified\":\"2019-03-19T18:30:28+00:00\",\"breadcrumb\":{\"@id\":\"https:\/\/gktarsulat.hu\/hu\/contact-us\/#breadcrumb\"},\"inLanguage\":\"hu\",\"potentialAction\":[{\"@type\":\"ReadAction\",\"target\":[\"https:\/\/gktarsulat.hu\/hu\/contact-us\/\"]}]},{\"@type\":\"BreadcrumbList\",\"@id\":\"https:\/\/gktarsulat.hu\/hu\/contact-us\/#breadcrumb\",\"itemListElement\":[{\"@type\":\"ListItem\",\"position\":1,\"name\":\"Home\",\"item\":\"https:\/\/gktarsulat.hu\/\"},{\"@type\":\"ListItem\",\"position\":2,\"name\":\"\u00cdrj nek\u00fcnk!\"}]}]}<\/script>\n<!-- \/ Yoast SEO plugin. -->","yoast_head_json":{"title":"[:hu]\u00cdrj nek\u00fcnk![:en]Contact Us[:] - Gergye Kriszti\u00e1n T\u00e1rsulata","robots":{"index":"index","follow":"follow","max-snippet":"max-snippet:-1","max-image-preview":"max-image-preview:large","max-video-preview":"max-video-preview:-1"},"canonical":"https:\/\/gktarsulat.hu\/hu\/contact-us\/","og_locale":"hu_HU","og_type":"article","og_title":"[:hu]\u00cdrj nek\u00fcnk![:en]Contact Us[:] - Gergye Kriszti\u00e1n T\u00e1rsulata","og_url":"https:\/\/gktarsulat.hu\/hu\/contact-us\/","og_site_name":"Gergye Kriszti\u00e1n T\u00e1rsulata","article_modified_time":"2019-03-19T18:30:28+00:00","twitter_card":"summary_large_image","twitter_misc":{"Becs\u00fclt olvas\u00e1si id\u0151":"8 perc"},"schema":{"@context":"https:\/\/schema.org","@graph":[{"@type":"WebSite","@id":"https:\/\/gktarsulat.hu\/hu\/#website","url":"https:\/\/gktarsulat.hu\/hu\/","name":"Gergye Kriszti\u00e1n T\u00e1rsulata","description":"","potentialAction":[{"@type":"SearchAction","target":{"@type":"EntryPoint","urlTemplate":"https:\/\/gktarsulat.hu\/hu\/?s={search_term_string}"},"query-input":"required name=search_term_string"}],"inLanguage":"hu"},{"@type":"WebPage","@id":"https:\/\/gktarsulat.hu\/hu\/contact-us\/#webpage","url":"https:\/\/gktarsulat.hu\/hu\/contact-us\/","name":"[:hu]\u00cdrj nek\u00fcnk![:en]Contact Us[:] - Gergye Kriszti\u00e1n T\u00e1rsulata","isPartOf":{"@id":"https:\/\/gktarsulat.hu\/hu\/#website"},"datePublished":"2018-12-07T16:13:30+00:00","dateModified":"2019-03-19T18:30:28+00:00","breadcrumb":{"@id":"https:\/\/gktarsulat.hu\/hu\/contact-us\/#breadcrumb"},"inLanguage":"hu","potentialAction":[{"@type":"ReadAction","target":["https:\/\/gktarsulat.hu\/hu\/contact-us\/"]}]},{"@type":"BreadcrumbList","@id":"https:\/\/gktarsulat.hu\/hu\/contact-us\/#breadcrumb","itemListElement":[{"@type":"ListItem","position":1,"name":"Home","item":"https:\/\/gktarsulat.hu\/"},{"@type":"ListItem","position":2,"name":"\u00cdrj nek\u00fcnk!"}]}]}},"_links":{"self":[{"href":"https:\/\/gktarsulat.hu\/hu\/wp-json\/wp\/v2\/pages\/21"}],"collection":[{"href":"https:\/\/gktarsulat.hu\/hu\/wp-json\/wp\/v2\/pages"}],"about":[{"href":"https:\/\/gktarsulat.hu\/hu\/wp-json\/wp\/v2\/types\/page"}],"author":[{"embeddable":true,"href":"https:\/\/gktarsulat.hu\/hu\/wp-json\/wp\/v2\/users\/2"}],"replies":[{"embeddable":true,"href":"https:\/\/gktarsulat.hu\/hu\/wp-json\/wp\/v2\/comments?post=21"}],"version-history":[{"count":6,"href":"https:\/\/gktarsulat.hu\/hu\/wp-json\/wp\/v2\/pages\/21\/revisions"}],"predecessor-version":[{"id":1526,"href":"https:\/\/gktarsulat.hu\/hu\/wp-json\/wp\/v2\/pages\/21\/revisions\/1526"}],"wp:attachment":[{"href":"https:\/\/gktarsulat.hu\/hu\/wp-json\/wp\/v2\/media?parent=21"}],"curies":[{"name":"wp","href":"https:\/\/api.w.org\/{rel}","templated":true}]}}