{"id":373,"date":"2018-12-27T16:30:40","date_gmt":"2018-12-27T16:30:40","guid":{"rendered":"http:\/\/gktarsulat.hu\/?page_id=373"},"modified":"2024-04-19T07:56:57","modified_gmt":"2024-04-19T05:56:57","slug":"keszuloprojektjeink","status":"publish","type":"page","link":"https:\/\/gktarsulat.hu\/hu\/tevekenysegeink\/keszuloprojektjeink\/","title":{"rendered":"K\u00e9sz\u00fcl\u0151 projektjeink"},"content":{"rendered":"<p><div class=\"fusion-fullwidth fullwidth-box fusion-builder-row-1 nonhundred-percent-fullwidth non-hundred-percent-height-scrolling\"  style='background-color: #be9359;background-position: center center;background-repeat: no-repeat;padding-top:3px;padding-right:0px;padding-bottom:3px;padding-left:0px;'><div class=\"fusion-builder-row fusion-row \"><div  class=\"fusion-layout-column fusion_builder_column fusion_builder_column_1_1 fusion-builder-column-0 fusion-one-full fusion-column-first fusion-column-last 1_1\"  style='margin-top:0px;margin-bottom:0px;'><div class=\"fusion-column-wrapper\" style=\"padding: 0px 0px 0px 0px;background-position:left top;background-repeat:no-repeat;-webkit-background-size:cover;-moz-background-size:cover;-o-background-size:cover;background-size:cover;\"   data-bg-url=\"\"><div class=\"fusion-clearfix\"><\/div><\/div><\/div><\/div><\/div><div class=\"fusion-fullwidth fullwidth-box fusion-builder-row-2 nonhundred-percent-fullwidth non-hundred-percent-height-scrolling fusion-equal-height-columns\"  style='background-color: #242424;background-position: center center;background-repeat: no-repeat;padding-top:0px;padding-bottom:0px;'><div class=\"fusion-builder-row fusion-row \"><div  class=\"fusion-layout-column fusion_builder_column fusion_builder_column_1_2 fusion-builder-column-1 fusion-one-half fusion-column-first 1_2\"  style='margin-top:0px;margin-bottom:0px;width:50%;width:calc(50% - ( ( 4% ) * 0.5 ) );margin-right: 4%;'><div class=\"fusion-column-wrapper\" style=\"padding: 140px 70px 140px 70px;background-image: url('http:\/\/gktarsulat.hu\/wp-content\/uploads\/2018\/12\/avadabarbers-trimcut-topright.jpg');background-position:left bottom;background-repeat:no-repeat;-webkit-background-size:cover;-moz-background-size:cover;-o-background-size:cover;background-size:cover;\"   data-bg-url=\"http:\/\/gktarsulat.hu\/wp-content\/uploads\/2018\/12\/avadabarbers-trimcut-topright.jpg\"><div class=\"imageframe-align-center\"><span style=\"width:100%;max-width:65px;\" class=\"fusion-imageframe imageframe-none imageframe-1 hover-type-none\"><img loading=\"lazy\" src=\"https:\/\/gktarsulat.hu\/wp-content\/uploads\/2019\/03\/Keszulo_projektek-300x300.png\" width=\"300\" height=\"300\" alt=\"\" title=\"Keszulo_projektek\" class=\"img-responsive wp-image-1278\" srcset=\"https:\/\/gktarsulat.hu\/wp-content\/uploads\/2019\/03\/Keszulo_projektek-200x200.png 200w, https:\/\/gktarsulat.hu\/wp-content\/uploads\/2019\/03\/Keszulo_projektek-400x400.png 400w, https:\/\/gktarsulat.hu\/wp-content\/uploads\/2019\/03\/Keszulo_projektek.png 512w\" sizes=\"(max-width: 800px) 100vw, 300px\" \/><\/span><\/div><style type=\"text\/css\">@media only screen and (max-width:800px) {.fusion-title.fusion-title-1{margin-top:10px!important;margin-bottom:10px!important;}}<\/style><div class=\"fusion-title title fusion-title-1 fusion-sep-none fusion-title-center fusion-title-text fusion-title-size-four\" style=\"margin-top:40px;margin-bottom:20px;\"><h4 class=\"title-heading-center\" style=\"margin:0;\"><h5>\u00c9ppen<br \/>\nalakul\u00f3&#8230;<\/h5><\/h4><\/div><div class=\"fusion-text\"><ul>\n<li>\n<h4>BY(e)MYSELF<\/h4>\n<\/li>\n<li>\n<h4>P\u00e1rbesz\u00e9d performansz-sorozat<\/h4>\n<\/li>\n<li>\n<h4>D\u00e9monok \u00e9s Istenek<\/h4>\n<\/li>\n<\/ul>\n<\/div><div class=\"fusion-clearfix\"><\/div><\/div><\/div><div  class=\"fusion-layout-column fusion_builder_column fusion_builder_column_1_2 fusion-builder-column-2 fusion-one-half fusion-column-last fusion-no-small-visibility fusion-column-inner-bg-wrapper 1_2\"  style='margin-top:0px;margin-bottom:0px;width:50%;width:calc(50% - ( ( 4% ) * 0.5 ) );'><div class=\"fusion-column-wrapper\" style=\"padding: 0px 0px 0px 0px;\"  data-bg-url=\"https:\/\/gktarsulat.hu\/wp-content\/uploads\/2019\/03\/hamiarnyak_master_domolky_daniel_PRINT_058-819x1024.jpg\"><div class=\"fusion-column-content-centered\"><div class=\"fusion-column-content\"><div class=\"fusion-sep-clear\"><\/div><div class=\"fusion-separator fusion-full-width-sep sep-none\" style=\"margin-left: auto;margin-right: auto;margin-top:5px;\"><\/div><\/div><\/div><div class=\"fusion-clearfix\"><\/div><\/div><span class=\"fusion-column-inner-bg hover-type-zoomin\" ><a  aria-label=\"hamiarnyak_master_domolky_daniel_PRINT_058\"><span class=\"fusion-column-inner-bg-image\"  style=\"background-image: url('https:\/\/gktarsulat.hu\/wp-content\/uploads\/2019\/03\/hamiarnyak_master_domolky_daniel_PRINT_058-819x1024.jpg');background-position:left top;background-repeat:no-repeat;-webkit-background-size:cover;-moz-background-size:cover;-o-background-size:cover;background-size:cover;\"><\/span><\/a><\/span><\/div><\/div><\/div><\/p>","protected":false},"excerpt":{"rendered":"","protected":false},"author":2,"featured_media":0,"parent":17,"menu_order":0,"comment_status":"closed","ping_status":"closed","template":"100-width.php","meta":[],"yoast_head":"<!-- This site is optimized with the Yoast SEO plugin v18.4.1 - https:\/\/yoast.com\/wordpress\/plugins\/seo\/ -->\n<title>K\u00e9sz\u00fcl\u0151 projektjeink - Gergye Kriszti\u00e1n T\u00e1rsulata<\/title>\n<meta name=\"robots\" content=\"index, follow, max-snippet:-1, max-image-preview:large, max-video-preview:-1\" \/>\n<link rel=\"canonical\" href=\"https:\/\/gktarsulat.hu\/tevekenysegeink\/keszuloprojektjeink\/\" \/>\n<meta property=\"og:locale\" content=\"hu_HU\" \/>\n<meta property=\"og:type\" content=\"article\" \/>\n<meta property=\"og:title\" content=\"[:hu]K\u00e9sz\u00fcl\u0151 projektjeink[:en]Brand New Projects[:] - Gergye Kriszti\u00e1n T\u00e1rsulata\" \/>\n<meta property=\"og:url\" content=\"https:\/\/gktarsulat.hu\/tevekenysegeink\/keszuloprojektjeink\/\" \/>\n<meta property=\"og:site_name\" content=\"Gergye Kriszti\u00e1n T\u00e1rsulata\" \/>\n<meta property=\"article:modified_time\" content=\"2024-04-19T05:56:57+00:00\" \/>\n<meta name=\"twitter:card\" content=\"summary_large_image\" \/>\n<meta name=\"twitter:label1\" content=\"Becs\u00fclt olvas\u00e1si id\u0151\" \/>\n\t<meta name=\"twitter:data1\" content=\"22 perc\" \/>\n<script type=\"application\/ld+json\" class=\"yoast-schema-graph\">{\"@context\":\"https:\/\/schema.org\",\"@graph\":[{\"@type\":\"WebSite\",\"@id\":\"https:\/\/gktarsulat.hu\/hu\/#website\",\"url\":\"https:\/\/gktarsulat.hu\/hu\/\",\"name\":\"Gergye Kriszti\u00e1n T\u00e1rsulata\",\"description\":\"\",\"potentialAction\":[{\"@type\":\"SearchAction\",\"target\":{\"@type\":\"EntryPoint\",\"urlTemplate\":\"https:\/\/gktarsulat.hu\/hu\/?s={search_term_string}\"},\"query-input\":\"required name=search_term_string\"}],\"inLanguage\":\"hu\"},{\"@type\":\"WebPage\",\"@id\":\"https:\/\/gktarsulat.hu\/tevekenysegeink\/keszuloprojektjeink\/#webpage\",\"url\":\"https:\/\/gktarsulat.hu\/tevekenysegeink\/keszuloprojektjeink\/\",\"name\":\"[:hu]K\u00e9sz\u00fcl\u0151 projektjeink[:en]Brand New Projects[:] - Gergye Kriszti\u00e1n T\u00e1rsulata\",\"isPartOf\":{\"@id\":\"https:\/\/gktarsulat.hu\/hu\/#website\"},\"datePublished\":\"2018-12-27T16:30:40+00:00\",\"dateModified\":\"2024-04-19T05:56:57+00:00\",\"breadcrumb\":{\"@id\":\"https:\/\/gktarsulat.hu\/tevekenysegeink\/keszuloprojektjeink\/#breadcrumb\"},\"inLanguage\":\"hu\",\"potentialAction\":[{\"@type\":\"ReadAction\",\"target\":[\"https:\/\/gktarsulat.hu\/tevekenysegeink\/keszuloprojektjeink\/\"]}]},{\"@type\":\"BreadcrumbList\",\"@id\":\"https:\/\/gktarsulat.hu\/tevekenysegeink\/keszuloprojektjeink\/#breadcrumb\",\"itemListElement\":[{\"@type\":\"ListItem\",\"position\":1,\"name\":\"Home\",\"item\":\"https:\/\/gktarsulat.hu\/\"},{\"@type\":\"ListItem\",\"position\":2,\"name\":\"Tev\u00e9kenys\u00e9geink\",\"item\":\"https:\/\/gktarsulat.hu\/tevekenysegeink\/\"},{\"@type\":\"ListItem\",\"position\":3,\"name\":\"K\u00e9sz\u00fcl\u0151 projektjeink\"}]}]}<\/script>\n<!-- \/ Yoast SEO plugin. -->","yoast_head_json":{"title":"[:hu]K\u00e9sz\u00fcl\u0151 projektjeink[:en]Brand New Projects[:] - Gergye Kriszti\u00e1n T\u00e1rsulata","robots":{"index":"index","follow":"follow","max-snippet":"max-snippet:-1","max-image-preview":"max-image-preview:large","max-video-preview":"max-video-preview:-1"},"canonical":"https:\/\/gktarsulat.hu\/tevekenysegeink\/keszuloprojektjeink\/","og_locale":"hu_HU","og_type":"article","og_title":"[:hu]K\u00e9sz\u00fcl\u0151 projektjeink[:en]Brand New Projects[:] - Gergye Kriszti\u00e1n T\u00e1rsulata","og_url":"https:\/\/gktarsulat.hu\/tevekenysegeink\/keszuloprojektjeink\/","og_site_name":"Gergye Kriszti\u00e1n T\u00e1rsulata","article_modified_time":"2024-04-19T05:56:57+00:00","twitter_card":"summary_large_image","twitter_misc":{"Becs\u00fclt olvas\u00e1si id\u0151":"22 perc"},"schema":{"@context":"https:\/\/schema.org","@graph":[{"@type":"WebSite","@id":"https:\/\/gktarsulat.hu\/hu\/#website","url":"https:\/\/gktarsulat.hu\/hu\/","name":"Gergye Kriszti\u00e1n T\u00e1rsulata","description":"","potentialAction":[{"@type":"SearchAction","target":{"@type":"EntryPoint","urlTemplate":"https:\/\/gktarsulat.hu\/hu\/?s={search_term_string}"},"query-input":"required name=search_term_string"}],"inLanguage":"hu"},{"@type":"WebPage","@id":"https:\/\/gktarsulat.hu\/tevekenysegeink\/keszuloprojektjeink\/#webpage","url":"https:\/\/gktarsulat.hu\/tevekenysegeink\/keszuloprojektjeink\/","name":"[:hu]K\u00e9sz\u00fcl\u0151 projektjeink[:en]Brand New Projects[:] - Gergye Kriszti\u00e1n T\u00e1rsulata","isPartOf":{"@id":"https:\/\/gktarsulat.hu\/hu\/#website"},"datePublished":"2018-12-27T16:30:40+00:00","dateModified":"2024-04-19T05:56:57+00:00","breadcrumb":{"@id":"https:\/\/gktarsulat.hu\/tevekenysegeink\/keszuloprojektjeink\/#breadcrumb"},"inLanguage":"hu","potentialAction":[{"@type":"ReadAction","target":["https:\/\/gktarsulat.hu\/tevekenysegeink\/keszuloprojektjeink\/"]}]},{"@type":"BreadcrumbList","@id":"https:\/\/gktarsulat.hu\/tevekenysegeink\/keszuloprojektjeink\/#breadcrumb","itemListElement":[{"@type":"ListItem","position":1,"name":"Home","item":"https:\/\/gktarsulat.hu\/"},{"@type":"ListItem","position":2,"name":"Tev\u00e9kenys\u00e9geink","item":"https:\/\/gktarsulat.hu\/tevekenysegeink\/"},{"@type":"ListItem","position":3,"name":"K\u00e9sz\u00fcl\u0151 projektjeink"}]}]}},"_links":{"self":[{"href":"https:\/\/gktarsulat.hu\/hu\/wp-json\/wp\/v2\/pages\/373"}],"collection":[{"href":"https:\/\/gktarsulat.hu\/hu\/wp-json\/wp\/v2\/pages"}],"about":[{"href":"https:\/\/gktarsulat.hu\/hu\/wp-json\/wp\/v2\/types\/page"}],"author":[{"embeddable":true,"href":"https:\/\/gktarsulat.hu\/hu\/wp-json\/wp\/v2\/users\/2"}],"replies":[{"embeddable":true,"href":"https:\/\/gktarsulat.hu\/hu\/wp-json\/wp\/v2\/comments?post=373"}],"version-history":[{"count":10,"href":"https:\/\/gktarsulat.hu\/hu\/wp-json\/wp\/v2\/pages\/373\/revisions"}],"predecessor-version":[{"id":1799,"href":"https:\/\/gktarsulat.hu\/hu\/wp-json\/wp\/v2\/pages\/373\/revisions\/1799"}],"up":[{"embeddable":true,"href":"https:\/\/gktarsulat.hu\/hu\/wp-json\/wp\/v2\/pages\/17"}],"wp:attachment":[{"href":"https:\/\/gktarsulat.hu\/hu\/wp-json\/wp\/v2\/media?parent=373"}],"curies":[{"name":"wp","href":"https:\/\/api.w.org\/{rel}","templated":true}]}}